{"id":55,"date":"2020-05-20T12:59:07","date_gmt":"2020-05-20T10:59:07","guid":{"rendered":"https:\/\/berlin-fotografie.de\/Mari\/?page_id=55"},"modified":"2020-11-17T13:33:17","modified_gmt":"2020-11-17T12:33:17","slug":"impressum","status":"publish","type":"page","link":"https:\/\/mari-jokinen.com\/info\/impressum\/","title":{"rendered":"Impressum"},"content":{"rendered":"<p>Impressum Pflichtangaben nach \u00a7 5 Telemediengesetz (TMG)<\/p>\n<p>Verantwortlich f\u00fcr den redaktionellen Inhalt und das Design dieser Website ist:<\/p>\n<p>Mari Jokinen<\/p>\n<p>M\u00fchlengasse 1<br \/>\n50999 K\u00f6ln<\/p>\n<p>mobil 0172 200 26 44<\/p>\n<p>Mail: kontakt@mari.jokinen.de<\/p>\n<p>Die Berufsbezeichnung Heilpraktiker (Psychotherapie) wurde vom Gesundheitsamt K\u00f6ln erteilt.<\/p>\n<p>Die Erlaubnis zur berufsm\u00e4\u00dfigen Aus\u00fcbung der Heilkunde beschr\u00e4nkt auf das Gebiet der Psychotherapie wurde von der Stadt K\u00f6ln erteilt (Gesundheitsamt der Stadt K\u00f6ln).<\/p>\n<p>USt-IdNr.: DE 282380572<\/p>\n<p>Diese Website wurde mit WordPress erstellt.<br \/>\nTechnische Betreuung: <a href=\"https:\/\/berlin-fotografie.de\" target=\"_blank\" rel=\"noopener noreferrer\">\u00a0Dieter E. Hoppe &#8211; berlin-fotografie.de<\/a><\/p>\n<p>&nbsp;<\/p>\n<p>Alle Fotos auf dieser Seite sind urheberrechtlich gesch\u00fctzt. Fotografien privat, von <a href=\"http:\/\/www.focusfugit.com\/info\/\" target=\"_blank\" rel=\"noopener noreferrer\">Stefan Nowak<\/a>, Mona Virta, Sami Virta, <a href=\"https:\/\/www.photo-ocean.de\" target=\"_blank\" rel=\"noopener noreferrer\">Bettina Dahm &#8211;\u00a0Photo Ocean<\/a>, Zbyszek &amp; Tippi Koziol.<\/p>\n<p>Haftungsausschluss<\/p>\n<h4>1. Inhalt des Onlineangebotes<\/h4>\n<p>Mari Jokinen \u00fcbernimmt keinerlei Gew\u00e4hr f\u00fcr die Aktualit\u00e4t, Korrektheit, Vollst\u00e4ndigkeit oder Qualit\u00e4t der bereitgestellten Informationen. Haftungsanspr\u00fcche gegen Mari Jokinen, welche sich auf Sch\u00e4den materieller oder ideeller Art beziehen, die durch die Nutzung oder Nichtnutzung der dargebotenen Informationen bzw. durch die Nutzung fehlerhafter und unvollst\u00e4ndiger Informationen verursacht wurden, sind grunds\u00e4tzlich ausgeschlossen. Alle Angebote sind freibleibend und unverbindlich. Mari Jokinen beh\u00e4lt es sich ausdr\u00fccklich vor, Teile der Seiten oder das gesamte Angebot ohne gesonderte Ank\u00fcndigung zu ver\u00e4ndern, zu erg\u00e4nzen, zu l\u00f6schen oder die Ver\u00f6ffentlichung zeitweise oder endg\u00fcltig einzustellen.<\/p>\n<h4>2. Verweise und Links<\/h4>\n<p>Bei direkten oder indirekten Verweisen auf fremde Webseiten (\u201eHyperlinks\u201c), die au\u00dferhalb des Verantwortungsbereiches von Mari Jokinen liegen, wird eine Haftung generell abgelehnt. Mari Jokinen erkl\u00e4rt hiermit ausdr\u00fccklich, da\u00df zum Zeitpunkt der Linksetzung keine illegalen Inhalte auf den zu verlinkenden Seiten erkennbar waren. Auf die aktuelle und zuk\u00fcnftige Gestaltung, die Inhalte oder die Urheberschaft der gelinkten\/verkn\u00fcpften Seiten hat Mari Jokinen keinerlei Einflu\u00df. Deshalb distanziert Mari Jokinen sich hiermit ausdr\u00fccklich von allen Inhalten aller gelinkten\/verkn\u00fcpften Seiten, die nach der Linksetzung ver\u00e4ndert wurden. Diese Feststellung gilt f\u00fcr alle innerhalb des eigenen Internetangebotes gesetzten Links und Verweise sowie f\u00fcr Fremdeintr\u00e4ge in von Mari Jokinen evtl. eingerichteten G\u00e4steb\u00fcchern, Diskussionsforen und Mailing-Listen. F\u00fcr illegale, fehlerhafte oder unvollst\u00e4ndige Inhalte und insbesondere f\u00fcr Sch\u00e4den, die aus der Nutzung oder Nichtnutzung solcherart dargebotener Informationen entstehen, haftet allein der Anbieter der Seite, auf welche verwiesen wurde, nicht derjenige, der \u00fcber Links auf die jeweilige Ver\u00f6ffentlichung lediglich verweist.<\/p>\n<h4>3. Urheber- und Kennzeichenrecht<\/h4>\n<p>Mari Jokinen ist bestrebt, in allen Publikationen die Urheberrechte der verwendeten Grafiken, Tondokumente, Videosequenzen und Texte zu beachten, selbst erstellte Grafiken, Tondokumente, Videosequenzen und Texte zu nutzen oder auf lizenzfreie Grafiken, Tondokumente, Videosequenzen und Texte zur\u00fcckzugreifen. Alle innerhalb des Internetangebotes genannten und ggf. durch Dritte gesch\u00fctzten Marken- und Warenzeichen unterliegen uneingeschr\u00e4nkt den Bestimmungen des jeweils g\u00fcltigen Kennzeichenrechts und den Besitzrechten der jeweiligen eingetragenen Eigent\u00fcmer. Allein aufgrund der blo\u00dfen Nennung ist nicht der Schlu\u00df zu ziehen, dass Markenzeichen nicht durch Rechte Dritter gesch\u00fctzt sind!<\/p>\n<p>Das Copyright f\u00fcr ver\u00f6ffentlichte, von Mari Jokinen selbst erstellte Objekte bleibt allein bei Mari Jokinen. Eine Vervielf\u00e4ltigung oder Verwendung solcher Grafiken, Tondokumente, Videosequenzen und Texte in anderen elektronischen oder gedruckten Publikationen ist ohne ausdr\u00fcckliche Zustimmung von Mari Jokinen nicht gestattet.<\/p>\n<h4>4. Rechtswirksamkeit dieses Haftungsausschlusses<\/h4>\n<p>Dieser Haftungsausschlu\u00df ist als Teil des Internetangebotes zu betrachten, von dem aus auf diese Seite verwiesen wurde. Sofern Teile oder einzelne Formulierungen dieses Textes der geltenden Rechtslage nicht, nicht mehr oder nicht vollst\u00e4ndig entsprechen sollten, bleiben die \u00fcbrigen Teile des Dokumentes in ihrem Inhalt und ihrer G\u00fcltigkeit davon unber\u00fchrt.<\/p>\n<p>K\u00f6ln, 7. September 2020<\/p>\n","protected":false},"excerpt":{"rendered":"<p>Impressum Pflichtangaben nach \u00a7 5 Telemediengesetz (TMG) Verantwortlich f\u00fcr den redaktionellen Inhalt und das Design dieser Website ist: Mari Jokinen M\u00fchlengasse 1 50999 K\u00f6ln mobil 0172 200 26 44 Mail: kontakt@mari.jokinen.de Die Berufsbezeichnung Heilpraktiker (Psychotherapie) wurde vom Gesundheitsamt K\u00f6ln erteilt. Die Erlaubnis zur berufsm\u00e4\u00dfigen Aus\u00fcbung der Heilkunde beschr\u00e4nkt auf das Gebiet der Psychotherapie wurde von &hellip; <\/p>\n<p class=\"link-more\"><a href=\"https:\/\/mari-jokinen.com\/info\/impressum\/\" class=\"more-link\"><span class=\"screen-reader-text\">\u201eImpressum\u201c<\/span> weiterlesen<\/a><\/p>\n","protected":false},"author":2,"featured_media":0,"parent":0,"menu_order":0,"comment_status":"closed","ping_status":"closed","template":"","meta":[],"_links":{"self":[{"href":"https:\/\/mari-jokinen.com\/info\/wp-json\/wp\/v2\/pages\/55"}],"collection":[{"href":"https:\/\/mari-jokinen.com\/info\/wp-json\/wp\/v2\/pages"}],"about":[{"href":"https:\/\/mari-jokinen.com\/info\/wp-json\/wp\/v2\/types\/page"}],"author":[{"embeddable":true,"href":"https:\/\/mari-jokinen.com\/info\/wp-json\/wp\/v2\/users\/2"}],"replies":[{"embeddable":true,"href":"https:\/\/mari-jokinen.com\/info\/wp-json\/wp\/v2\/comments?post=55"}],"version-history":[{"count":14,"href":"https:\/\/mari-jokinen.com\/info\/wp-json\/wp\/v2\/pages\/55\/revisions"}],"predecessor-version":[{"id":1797,"href":"https:\/\/mari-jokinen.com\/info\/wp-json\/wp\/v2\/pages\/55\/revisions\/1797"}],"wp:attachment":[{"href":"https:\/\/mari-jokinen.com\/info\/wp-json\/wp\/v2\/media?parent=55"}],"curies":[{"name":"wp","href":"https:\/\/api.w.org\/{rel}","templated":true}]}}