{"id":517,"date":"2020-09-15T11:19:03","date_gmt":"2020-09-15T09:19:03","guid":{"rendered":"https:\/\/mari-jokinen.com\/info\/?page_id=517"},"modified":"2020-11-17T10:49:04","modified_gmt":"2020-11-17T09:49:04","slug":"das-besondere-erlebnis","status":"publish","type":"page","link":"https:\/\/mari-jokinen.com\/info\/das-besondere-erlebnis\/","title":{"rendered":""},"content":{"rendered":"<h4><span style=\"color: #000000;\"><strong>Intensive Erlebnisse und Natur pur<\/strong><\/span><\/h4>\n<p><span style=\"color: #000000;\">Mit zwei erfahrenen Psychotherapeutinnen biete ich auch Workshops und Seminare in der unber\u00fchrten Natur Finnlands an.<\/span><\/p>\n<h4><span style=\"color: #000000;\"><strong>Themen, \u00a0Termine und Preise auf Anfrage<\/strong><\/span><\/h4>\n<p>gern auch in einem pers\u00f6nlichen Gespr\u00e4ch. Workshops in Finnland finden je nach Gruppengr\u00f6\u00dfe und -zusammenstellung sowie Thema in deutscher und\/oder in englischer Sprache statt &#8211; und sind zur Zeit leider auf Grund der Covid-19 Pandemie nicht m\u00f6glich.<\/p>\n<figure id=\"attachment_1405\" aria-describedby=\"caption-attachment-1405\" style=\"width: 1024px\" class=\"wp-caption alignnone\"><img loading=\"lazy\" class=\"wp-image-1405 size-full\" src=\"https:\/\/mari-jokinen.com\/info\/wp-content\/uploads\/2020\/10\/DH_x_Inari2_2013_1.jpg\" alt=\"Foto: Mona Virta\" width=\"1024\" height=\"576\" srcset=\"https:\/\/mari-jokinen.com\/info\/wp-content\/uploads\/2020\/10\/DH_x_Inari2_2013_1.jpg 1024w, https:\/\/mari-jokinen.com\/info\/wp-content\/uploads\/2020\/10\/DH_x_Inari2_2013_1-300x169.jpg 300w, https:\/\/mari-jokinen.com\/info\/wp-content\/uploads\/2020\/10\/DH_x_Inari2_2013_1-768x432.jpg 768w\" sizes=\"(max-width: 767px) 89vw, (max-width: 1000px) 54vw, (max-width: 1071px) 543px, 580px\" \/><figcaption id=\"caption-attachment-1405\" class=\"wp-caption-text\">Foto: Mona Virta<\/figcaption><\/figure>\n<h4><strong><span style=\"color: #000000;\">Wir haben insgesamt drei Standorte in Finnland,<\/span><\/strong><\/h4>\n<p><span style=\"color: #000000;\">im S\u00fcden und im hohen Norden Finnlands, in Lappland, im Angebot:<\/span><\/p>\n<ul>\n<li style=\"list-style-type: none;\">\n<ul>\n<li><strong>\u201eVilla Lilltrullet &amp; Willa Elli\u201c<\/strong> in Kirkkonummi, 20 km s\u00fcdlich von Helsinki (\u00dcbernachtung im Haupthaus, einfache \u00dcbernachtung im Nebenhaus, Sauna, Zelt\u00fcbernachtung m\u00f6glich). Max. 6 Teilnehmer<\/li>\n<li><strong>\u201eVilla Maura\u201c<\/strong> am Inari-See, 200 km n\u00f6rdlich des Polarkreises (einfache H\u00fctten ohne Strom und flie\u00dfendes Wasser, Sauna, Zelt\u00fcbernachtung m\u00f6glich). Max. 6 Teilnehmer.<\/li>\n<li><strong>\u201eVilla Haahka\u201c<\/strong> auf Stanggrundet vor Tammisaari, ca. 1 Std. Autofahrt plus 15 Min Bootsfahrt von Helsinki (H\u00fctte mit Strom und flie\u00dfendem Wasser, \u00a0Sauna, Zelt\u00fcbernachtung m\u00f6glich.) Max. 6 Teilnehmer<\/li>\n<\/ul>\n<\/li>\n<\/ul>\n<p>Bei allen drei Standorten sind auch \u00dcbernachtungen in nahegelegenen Orten mit vollem Komfort m\u00f6glich.<\/p>\n<p><span style=\"color: #000000;\">Sprechen Sie mich an &#8211; ich mache Ihnen gern ein individuelles, auf Ihre Bed\u00fcrfnisse ma\u00dfgeschneidertes Angebot.<\/span><\/p>\n<p><a href=\"https:\/\/mari-jokinen.com\/info\/kontaktformular\" target=\"_blank\" rel=\"noopener noreferrer\"><span style=\"color: #000000;\"><strong>Hier geht es zur Anfrage \/ Angebot<\/strong><\/span><\/a><\/p>\n","protected":false},"excerpt":{"rendered":"<p>Intensive Erlebnisse und Natur pur Mit zwei erfahrenen Psychotherapeutinnen biete ich auch Workshops und Seminare in der unber\u00fchrten Natur Finnlands an. Themen, \u00a0Termine und Preise auf Anfrage gern auch in einem pers\u00f6nlichen Gespr\u00e4ch. Workshops in Finnland finden je nach Gruppengr\u00f6\u00dfe und -zusammenstellung sowie Thema in deutscher und\/oder in englischer Sprache statt &#8211; und sind zur &hellip; <\/p>\n<p class=\"link-more\"><a href=\"https:\/\/mari-jokinen.com\/info\/das-besondere-erlebnis\/\" class=\"more-link\"><span class=\"screen-reader-text\">\u201e\u201c<\/span> weiterlesen<\/a><\/p>\n","protected":false},"author":2,"featured_media":0,"parent":0,"menu_order":0,"comment_status":"closed","ping_status":"closed","template":"","meta":[],"_links":{"self":[{"href":"https:\/\/mari-jokinen.com\/info\/wp-json\/wp\/v2\/pages\/517"}],"collection":[{"href":"https:\/\/mari-jokinen.com\/info\/wp-json\/wp\/v2\/pages"}],"about":[{"href":"https:\/\/mari-jokinen.com\/info\/wp-json\/wp\/v2\/types\/page"}],"author":[{"embeddable":true,"href":"https:\/\/mari-jokinen.com\/info\/wp-json\/wp\/v2\/users\/2"}],"replies":[{"embeddable":true,"href":"https:\/\/mari-jokinen.com\/info\/wp-json\/wp\/v2\/comments?post=517"}],"version-history":[{"count":25,"href":"https:\/\/mari-jokinen.com\/info\/wp-json\/wp\/v2\/pages\/517\/revisions"}],"predecessor-version":[{"id":1786,"href":"https:\/\/mari-jokinen.com\/info\/wp-json\/wp\/v2\/pages\/517\/revisions\/1786"}],"wp:attachment":[{"href":"https:\/\/mari-jokinen.com\/info\/wp-json\/wp\/v2\/media?parent=517"}],"curies":[{"name":"wp","href":"https:\/\/api.w.org\/{rel}","templated":true}]}}