{"id":515,"date":"2020-09-15T11:17:58","date_gmt":"2020-09-15T09:17:58","guid":{"rendered":"https:\/\/mari-jokinen.com\/info\/?page_id=515"},"modified":"2020-11-17T10:51:24","modified_gmt":"2020-11-17T09:51:24","slug":"aktuelles","status":"publish","type":"page","link":"https:\/\/mari-jokinen.com\/info\/aktuelles\/","title":{"rendered":""},"content":{"rendered":"<h4><span style=\"color: #000000;\"><strong>5 x geschenkt: Start in eine pers\u00f6nliche Ver\u00e4nderung &#8211; kostenlos<\/strong><\/span><\/h4>\n<p>Die Covid-19 Pandemie hat viele hart getroffen \u2013 auch wenn wir es in Deutschland im Vergleich zu vielen anderen L\u00e4ndern bisher sehr gut hinbekommen haben.<\/p>\n<p>Trotzdem werden sehr viele Menschen gerade ungewollt zu Ver\u00e4nderungen gezwungen: Homeschooling, Kurzarbeit, Verlust von Auftr\u00e4gen, Auftritten, Arbeit. Eine \u201eNeue Normalit\u00e4t\u201c, die sich oft ganz und gar nicht \u201enormal\u201c anf\u00fchlt. Eine gef\u00fchlte Sackgasse, aus der kein Weg hinauszuf\u00fchren scheint.<\/p>\n<figure id=\"attachment_1402\" aria-describedby=\"caption-attachment-1402\" style=\"width: 1024px\" class=\"wp-caption alignnone\"><img loading=\"lazy\" class=\"wp-image-1402 size-full\" src=\"https:\/\/mari-jokinen.com\/info\/wp-content\/uploads\/2020\/10\/DH_Ufo_Emma-Kopie.jpg\" alt=\"Foto: privat\" width=\"1024\" height=\"576\" srcset=\"https:\/\/mari-jokinen.com\/info\/wp-content\/uploads\/2020\/10\/DH_Ufo_Emma-Kopie.jpg 1024w, https:\/\/mari-jokinen.com\/info\/wp-content\/uploads\/2020\/10\/DH_Ufo_Emma-Kopie-300x169.jpg 300w, https:\/\/mari-jokinen.com\/info\/wp-content\/uploads\/2020\/10\/DH_Ufo_Emma-Kopie-768x432.jpg 768w\" sizes=\"(max-width: 767px) 89vw, (max-width: 1000px) 54vw, (max-width: 1071px) 543px, 580px\" \/><figcaption id=\"caption-attachment-1402\" class=\"wp-caption-text\">Foto: privat<\/figcaption><\/figure>\n<h4><span style=\"color: #000000;\"><b>Und wenn wir versuchen w\u00fcrden, auch diese Krise als Chance zu sehen?<\/b><\/span><\/h4>\n<p>Krise als Chance &#8211; das klingt mittlerweile wirklich abgedroschen. Und gleichzeitig ist da tats\u00e4chlich etwas dran. Solche Phasen des Umbruchs k\u00f6nnen wir auch als Chancen begreifen und Schiefgeratenes wieder ins Gleichgewicht bringen. Etwas Neues wagen. Vielleicht auch etwas gewinnen, \u00e4ndern, endlich angehen. Dazu bedarf es Mut \u2013 und oft hilft es sehr, wenn wir dabei eine gute Begleitung haben.<\/p>\n<h4><span style=\"color: #000000;\"><b>Mein besonderes Anliegen in dieser besonderen Zeit<\/b><\/span><\/h4>\n<p>G\u00f6nnen Sie sich etwas. Werden Sie aktiv. Seien Sie sich es Wert.<\/p>\n<h4><span style=\"color: #000000;\"><b>Ich biete 5 Menschen einen individuellen Start in die Ver\u00e4nderung<\/b><\/span><\/h4>\n<p><span style=\"color: #000000;\">Den ersten Schritt in einem ganz pers\u00f6nlichen Prozess. Kostenlos.\u00a0<\/span>Tragen Sie im Kontaktformular im Betreff einfach\u201eStart\u201c ein und schildern Sie mir kurz Ihre pers\u00f6nliche Ver\u00e4nderungssituation oder Ihren Ver\u00e4nderungswunsch.<\/p>\n<p>Ich werde Sie dann ganz kurzfristig kontaktieren. Und wir schauen gemeinsam, wie ich Sie in Ihrer pers\u00f6nlichen Situation am besten unterst\u00fctzen kann. Die erste Sitzung ist f\u00fcr Sie kostenlos und findet je nach allgemeiner Situation pers\u00f6nlich in meinen Praxisr\u00e4umen in K\u00f6ln Niehl bzw. S\u00fcrth oder online per Zoom statt.<\/p>\n<p><span style=\"color: #000000;\"><strong>Ich freue mich auf Sie!<\/strong><\/span><\/p>\n<p><a href=\"https:\/\/mari-jokinen.com\/info\/kontaktformular\/\" target=\"_blank\" rel=\"noopener noreferrer\"><strong>Hier geht es zum Angebot \/ Anmeldung<\/strong><\/a><\/p>\n","protected":false},"excerpt":{"rendered":"<p>5 x geschenkt: Start in eine pers\u00f6nliche Ver\u00e4nderung &#8211; kostenlos Die Covid-19 Pandemie hat viele hart getroffen \u2013 auch wenn wir es in Deutschland im Vergleich zu vielen anderen L\u00e4ndern bisher sehr gut hinbekommen haben. Trotzdem werden sehr viele Menschen gerade ungewollt zu Ver\u00e4nderungen gezwungen: Homeschooling, Kurzarbeit, Verlust von Auftr\u00e4gen, Auftritten, Arbeit. Eine \u201eNeue Normalit\u00e4t\u201c, &hellip; <\/p>\n<p class=\"link-more\"><a href=\"https:\/\/mari-jokinen.com\/info\/aktuelles\/\" class=\"more-link\"><span class=\"screen-reader-text\">\u201e\u201c<\/span> weiterlesen<\/a><\/p>\n","protected":false},"author":2,"featured_media":0,"parent":0,"menu_order":0,"comment_status":"closed","ping_status":"closed","template":"","meta":[],"_links":{"self":[{"href":"https:\/\/mari-jokinen.com\/info\/wp-json\/wp\/v2\/pages\/515"}],"collection":[{"href":"https:\/\/mari-jokinen.com\/info\/wp-json\/wp\/v2\/pages"}],"about":[{"href":"https:\/\/mari-jokinen.com\/info\/wp-json\/wp\/v2\/types\/page"}],"author":[{"embeddable":true,"href":"https:\/\/mari-jokinen.com\/info\/wp-json\/wp\/v2\/users\/2"}],"replies":[{"embeddable":true,"href":"https:\/\/mari-jokinen.com\/info\/wp-json\/wp\/v2\/comments?post=515"}],"version-history":[{"count":31,"href":"https:\/\/mari-jokinen.com\/info\/wp-json\/wp\/v2\/pages\/515\/revisions"}],"predecessor-version":[{"id":1789,"href":"https:\/\/mari-jokinen.com\/info\/wp-json\/wp\/v2\/pages\/515\/revisions\/1789"}],"wp:attachment":[{"href":"https:\/\/mari-jokinen.com\/info\/wp-json\/wp\/v2\/media?parent=515"}],"curies":[{"name":"wp","href":"https:\/\/api.w.org\/{rel}","templated":true}]}}