{"id":511,"date":"2020-09-15T11:00:04","date_gmt":"2020-09-15T09:00:04","guid":{"rendered":"https:\/\/mari-jokinen.com\/info\/?page_id=511"},"modified":"2020-11-17T10:48:17","modified_gmt":"2020-11-17T09:48:17","slug":"klein-und-intensiv","status":"publish","type":"page","link":"https:\/\/mari-jokinen.com\/info\/klein-und-intensiv\/","title":{"rendered":""},"content":{"rendered":"<h4><span style=\"color: #000000;\"><strong>Meine Workshops finden im kleinen Kreis statt &#8211; und sie sind sehr intensiv<\/strong><\/span><\/h4>\n<p><span style=\"color: #000000;\">Durch gezielte \u00dcbungen und Selbstreflektion kombiniert mit der passenden Theorie, k\u00f6nnen Sie schon in sehr kurzer Zeit neue Strategien f\u00fcr Ihr Thema lernen und sie auch direkt in Ihrem Alltag umsetzen.<\/span><\/p>\n<h4><span style=\"color: #000000;\"><strong>Aktuell biete ich Workshops zu diesen Themen an:<\/strong><\/span><\/h4>\n<ul>\n<li style=\"list-style-type: none;\">\n<ul>\n<li><strong>\u201eSo bin ich nun mal\u201c. Wirklich?<\/strong> Wie Glaubenss\u00e4tze und Geschichten, die wir uns selbst erz\u00e4hlen, unser Leben und unser Gl\u00fccklichsein bestimmen.<\/li>\n<li><strong>Was will ich wirklich?<\/strong> Eine intensive Reflektion im Spannungsfeld \u201eich will\u201c, \u201eich kann\u201c, \u201eich muss\u201c und \u201eich sollte\u201c.<\/li>\n<li><strong>\u201eSo war&#8217;s doch gar nicht gemeint!\u201c<\/strong>\u00a0Auswege aus dem Missverst\u00e4ndnis und Wege zur wertsch\u00e4tzenden Kommunikation.<\/li>\n<li><strong>\u201eLebensmitte\u201c. Und jetzt?<\/strong> Eine bewusste Auseinandersetzung mit Tr\u00e4umen, M\u00f6glichkeiten und Begrenzungen in der Mitte des Lebens.<\/li>\n<li><strong>Zeit f\u00fcr \u201eein anderes Leben\u201c<\/strong> \u2013 bloss was und wie? Visionen, Ziele und Wege f\u00fcr eine erf\u00fcllende Zukunft.<\/li>\n<li><strong>Die Kunst, wieder aufzustehen<\/strong> \u2013 das \u201eSteh-auf-M\u00e4nnchen\u201c von heute hei\u00dft \u201eResilienz\u201c. Aber: wie geht das? Und was kann ich tun?<\/li>\n<\/ul>\n<\/li>\n<\/ul>\n<p>Die Workshops finden in K\u00f6ln statt. Weitere Details sowie Termine und Preise auf Anfrage &#8211; gern auch in einem pers\u00f6nlichen Gespr\u00e4ch. Auf Grund der Covid-19 Pandemie k\u00f6nnen die Gruppen je nach aktueller Lage auch kleiner ausfallen &#8211; oder online stattfinden.<\/p>\n<p>Bei gr\u00f6\u00dferen Gruppen biete ich eine Unterst\u00fctzung durch Kolleginnen an, mit denen ich seit vielen Jahren zusammenarbeite.<\/p>\n<p><span style=\"color: #000000;\">Alle Themen k\u00f6nnen nat\u00fcrlich auch im Einzelsetting bearbeitet werden.\u00a0<\/span><\/p>\n<figure id=\"attachment_1356\" aria-describedby=\"caption-attachment-1356\" style=\"width: 1024px\" class=\"wp-caption alignnone\"><img loading=\"lazy\" class=\"wp-image-1356 size-full\" src=\"https:\/\/mari-jokinen.com\/info\/wp-content\/uploads\/2020\/10\/DH_Gesicht_Wand-gigapixel-Kopie-e1603110687683.jpg\" alt=\"Foto: privat\" width=\"1024\" height=\"634\" srcset=\"https:\/\/mari-jokinen.com\/info\/wp-content\/uploads\/2020\/10\/DH_Gesicht_Wand-gigapixel-Kopie-e1603110687683.jpg 1024w, https:\/\/mari-jokinen.com\/info\/wp-content\/uploads\/2020\/10\/DH_Gesicht_Wand-gigapixel-Kopie-e1603110687683-300x186.jpg 300w, https:\/\/mari-jokinen.com\/info\/wp-content\/uploads\/2020\/10\/DH_Gesicht_Wand-gigapixel-Kopie-e1603110687683-768x476.jpg 768w\" sizes=\"(max-width: 767px) 89vw, (max-width: 1000px) 54vw, (max-width: 1071px) 543px, 580px\" \/><figcaption id=\"caption-attachment-1356\" class=\"wp-caption-text\">Foto: privat<\/figcaption><\/figure>\n<h4><strong>Sie m\u00f6chten mit \u201eIhrer\u201c Gruppe an einem anderen Ort arbeiten?<\/strong><\/h4>\n<p>Oder Sie haben ein anderes Thema, das Sie in einer Gruppe bearbeiten m\u00f6chten? Sprechen Sie mich an und wir schauen, wie ich Sie unterst\u00fctzen kann.<\/p>\n<p><span style=\"color: #000000;\"><strong>Ich freue mich, von Ihnen zu h\u00f6ren!<\/strong><\/span><\/p>\n<p><a href=\"https:\/\/mari-jokinen.com\/info\/kontaktformular\" target=\"_blank\" rel=\"noopener noreferrer\"><span style=\"color: #000000;\"><strong>Hier geht es zur Anfrage \/ Anmeldung<\/strong><\/span><\/a><\/p>\n","protected":false},"excerpt":{"rendered":"<p>Meine Workshops finden im kleinen Kreis statt &#8211; und sie sind sehr intensiv Durch gezielte \u00dcbungen und Selbstreflektion kombiniert mit der passenden Theorie, k\u00f6nnen Sie schon in sehr kurzer Zeit neue Strategien f\u00fcr Ihr Thema lernen und sie auch direkt in Ihrem Alltag umsetzen. Aktuell biete ich Workshops zu diesen Themen an: \u201eSo bin ich &hellip; <\/p>\n<p class=\"link-more\"><a href=\"https:\/\/mari-jokinen.com\/info\/klein-und-intensiv\/\" class=\"more-link\"><span class=\"screen-reader-text\">\u201e\u201c<\/span> weiterlesen<\/a><\/p>\n","protected":false},"author":2,"featured_media":0,"parent":0,"menu_order":0,"comment_status":"closed","ping_status":"closed","template":"","meta":[],"_links":{"self":[{"href":"https:\/\/mari-jokinen.com\/info\/wp-json\/wp\/v2\/pages\/511"}],"collection":[{"href":"https:\/\/mari-jokinen.com\/info\/wp-json\/wp\/v2\/pages"}],"about":[{"href":"https:\/\/mari-jokinen.com\/info\/wp-json\/wp\/v2\/types\/page"}],"author":[{"embeddable":true,"href":"https:\/\/mari-jokinen.com\/info\/wp-json\/wp\/v2\/users\/2"}],"replies":[{"embeddable":true,"href":"https:\/\/mari-jokinen.com\/info\/wp-json\/wp\/v2\/comments?post=511"}],"version-history":[{"count":29,"href":"https:\/\/mari-jokinen.com\/info\/wp-json\/wp\/v2\/pages\/511\/revisions"}],"predecessor-version":[{"id":1784,"href":"https:\/\/mari-jokinen.com\/info\/wp-json\/wp\/v2\/pages\/511\/revisions\/1784"}],"wp:attachment":[{"href":"https:\/\/mari-jokinen.com\/info\/wp-json\/wp\/v2\/media?parent=511"}],"curies":[{"name":"wp","href":"https:\/\/api.w.org\/{rel}","templated":true}]}}