{"id":509,"date":"2020-09-15T10:53:04","date_gmt":"2020-09-15T08:53:04","guid":{"rendered":"https:\/\/mari-jokinen.com\/info\/?page_id=509"},"modified":"2020-11-17T10:47:55","modified_gmt":"2020-11-17T09:47:55","slug":"workshops","status":"publish","type":"page","link":"https:\/\/mari-jokinen.com\/info\/workshops\/","title":{"rendered":""},"content":{"rendered":"<h4><strong><span style=\"color: #000000;\">In meinen Workshops geht es um eine intensive\u00a0<span style=\"caret-color: #000000;\">Reflektion<\/span>\u00a0<\/span><\/strong><\/h4>\n<p><span style=\"color: #000000;\">und Auseinandersetzung mit ganz konkreten Themen.\u00a0<\/span>Eine Kombination von kleinen theoretischen Impulsen mit viel Reflektion, Erleben und Ausprobieren, Trainieren und \u00dcben machen die Workshops zu einem intensiven Erlebnis.<\/p>\n<p>Mir ist es wichtig, auch theoretische Inhalte \u2013 aber vor allem sinnliches Erfahren und offenen Austausch miteinander zu kombinieren. Hierbei entstehen inspirierende R\u00e4ume der Selbsterkenntnis, die Wege zu Ver\u00e4nderungen erm\u00f6glichen. Gleichgesinnte geben sich gegenseitig Impulse zu neuen Sichtweisen und Andersdenkende bereichern unsere Denkwelt mit ganz neuen Ideen und Ansichten.<\/p>\n<figure id=\"attachment_1355\" aria-describedby=\"caption-attachment-1355\" style=\"width: 1024px\" class=\"wp-caption alignnone\"><img loading=\"lazy\" class=\"wp-image-1355 size-full\" src=\"https:\/\/mari-jokinen.com\/info\/wp-content\/uploads\/2020\/10\/DH_Fische_w-1-Kopie.jpg\" alt=\"Foto: Stefan Nowak\" width=\"1024\" height=\"576\" srcset=\"https:\/\/mari-jokinen.com\/info\/wp-content\/uploads\/2020\/10\/DH_Fische_w-1-Kopie.jpg 1024w, https:\/\/mari-jokinen.com\/info\/wp-content\/uploads\/2020\/10\/DH_Fische_w-1-Kopie-300x169.jpg 300w, https:\/\/mari-jokinen.com\/info\/wp-content\/uploads\/2020\/10\/DH_Fische_w-1-Kopie-768x432.jpg 768w\" sizes=\"(max-width: 767px) 89vw, (max-width: 1000px) 54vw, (max-width: 1071px) 543px, 580px\" \/><figcaption id=\"caption-attachment-1355\" class=\"wp-caption-text\">Foto: Stefan Nowak<\/figcaption><\/figure>\n<h4><span style=\"color: #000000;\"><strong>Individuell auf Ihre Bed\u00fcrfnisse ma\u00dfgeschneidert<\/strong><\/span><\/h4>\n<p>Je nach Thema kann ein bestimmtes Workshop-Format mehr oder weniger sinnvoll sein.\u00a0Sie haben ein bestimmtes Thema, das Sie mit &#8222;Ihrer Gruppe&#8220; in Form eines Workshops bearbeiten m\u00f6chten? Sprechen Sie mich an und wir schauen, wie ich Sie dabei unterst\u00fctzen kann. Wenn ich Besseres kenne, leite ich Sie gern empfehlend weiter.<\/p>\n<p>Die Workshops finden in K\u00f6ln statt. Sie m\u00f6chten mit \u201eIhrer\u201c Gruppe an einem anderen Ort arbeiten? Sprechen Sie mich an, ich mache Ihnen gern ein entsprechendes Angebot!<\/p>\n<p><span style=\"color: #000000;\"><strong>Ich freue mich, von Ihnen zu h\u00f6ren.<\/strong><\/span><\/p>\n<p><a href=\"https:\/\/mari-jokinen.com\/info\/kontaktformular\" target=\"_blank\" rel=\"noopener noreferrer\"><span style=\"color: #000000;\"><strong>Hier geht es zur Anfrage \/ Angebot<\/strong><\/span><\/a><\/p>\n","protected":false},"excerpt":{"rendered":"<p>In meinen Workshops geht es um eine intensive\u00a0Reflektion\u00a0 und Auseinandersetzung mit ganz konkreten Themen.\u00a0Eine Kombination von kleinen theoretischen Impulsen mit viel Reflektion, Erleben und Ausprobieren, Trainieren und \u00dcben machen die Workshops zu einem intensiven Erlebnis. Mir ist es wichtig, auch theoretische Inhalte \u2013 aber vor allem sinnliches Erfahren und offenen Austausch miteinander zu kombinieren. Hierbei &hellip; <\/p>\n<p class=\"link-more\"><a href=\"https:\/\/mari-jokinen.com\/info\/workshops\/\" class=\"more-link\"><span class=\"screen-reader-text\">\u201e\u201c<\/span> weiterlesen<\/a><\/p>\n","protected":false},"author":2,"featured_media":0,"parent":0,"menu_order":0,"comment_status":"closed","ping_status":"closed","template":"","meta":[],"_links":{"self":[{"href":"https:\/\/mari-jokinen.com\/info\/wp-json\/wp\/v2\/pages\/509"}],"collection":[{"href":"https:\/\/mari-jokinen.com\/info\/wp-json\/wp\/v2\/pages"}],"about":[{"href":"https:\/\/mari-jokinen.com\/info\/wp-json\/wp\/v2\/types\/page"}],"author":[{"embeddable":true,"href":"https:\/\/mari-jokinen.com\/info\/wp-json\/wp\/v2\/users\/2"}],"replies":[{"embeddable":true,"href":"https:\/\/mari-jokinen.com\/info\/wp-json\/wp\/v2\/comments?post=509"}],"version-history":[{"count":18,"href":"https:\/\/mari-jokinen.com\/info\/wp-json\/wp\/v2\/pages\/509\/revisions"}],"predecessor-version":[{"id":1783,"href":"https:\/\/mari-jokinen.com\/info\/wp-json\/wp\/v2\/pages\/509\/revisions\/1783"}],"wp:attachment":[{"href":"https:\/\/mari-jokinen.com\/info\/wp-json\/wp\/v2\/media?parent=509"}],"curies":[{"name":"wp","href":"https:\/\/api.w.org\/{rel}","templated":true}]}}