{"id":507,"date":"2020-09-15T10:52:30","date_gmt":"2020-09-15T08:52:30","guid":{"rendered":"https:\/\/mari-jokinen.com\/info\/?page_id=507"},"modified":"2020-11-22T16:01:59","modified_gmt":"2020-11-22T15:01:59","slug":"ueber-mich","status":"publish","type":"page","link":"https:\/\/mari-jokinen.com\/info\/ueber-mich\/","title":{"rendered":""},"content":{"rendered":"<h4><span style=\"color: #000000;\"><strong>Ich mag das Leben bunt<\/strong><\/span><\/h4>\n<p><span style=\"color: #000000;\">Doch\u00a0hell und bunt ist nur m\u00f6glich, wenn man auch den Schatten kennt.<\/span><\/p>\n<p><span style=\"color: #000000;\">Geboren und aufgewachsen\u00a0<\/span><span style=\"font-size: 1rem;\">bin ich in Helsinki, Finnland. Ich liebe meine Heimat und ganz besonders die unber\u00fchrte Natur dort. <\/span><\/p>\n<p>Und doch bin ich seit Mitte der 80er Jahren in K\u00f6ln zu Hause. Nach einem Studium in K\u00f6ln blieb ich hier \u2013 und ich liebe es nach wie vor, in K\u00f6ln zu leben und zu arbeiten.<\/p>\n<p>Das Thema Psychologie und die Vielschichtigkeit der menschlichen Psyche haben mich schon immer fasziniert \u2013 und sie tun es heute mehr als je zuvor. Und so\u00a0f\u00fchrten viele Aus- und Weiterbildungen, u.a. im Bereich der Humanistischen Psychologie im Lauf der Jahre\u00a0 zu dem Schwerpunkt, der mein Arbeitsleben heute ausmacht.<\/p>\n<p>Zu meiner Familie in K\u00f6ln geh\u00f6ren ein wunderbarer Mann und eine kleine H\u00fcndin mit einer gro\u00dfen Pers\u00f6nlichkeit.<\/p>\n<figure id=\"attachment_161\" aria-describedby=\"caption-attachment-161\" style=\"width: 2105px\" class=\"wp-caption alignnone\"><img loading=\"lazy\" class=\"wp-image-161 size-full\" src=\"https:\/\/mari-jokinen.com\/info\/wp-content\/uploads\/2020\/06\/DSC03413-scaled-1-e1600342488684.jpg\" alt=\"\u00a9Tippi &amp; Zbyszek Koziol\" width=\"2105\" height=\"1478\" srcset=\"https:\/\/mari-jokinen.com\/info\/wp-content\/uploads\/2020\/06\/DSC03413-scaled-1-e1600342488684.jpg 2105w, https:\/\/mari-jokinen.com\/info\/wp-content\/uploads\/2020\/06\/DSC03413-scaled-1-e1600342488684-300x211.jpg 300w, https:\/\/mari-jokinen.com\/info\/wp-content\/uploads\/2020\/06\/DSC03413-scaled-1-e1600342488684-1024x719.jpg 1024w, https:\/\/mari-jokinen.com\/info\/wp-content\/uploads\/2020\/06\/DSC03413-scaled-1-e1600342488684-768x539.jpg 768w, https:\/\/mari-jokinen.com\/info\/wp-content\/uploads\/2020\/06\/DSC03413-scaled-1-e1600342488684-1536x1078.jpg 1536w, https:\/\/mari-jokinen.com\/info\/wp-content\/uploads\/2020\/06\/DSC03413-scaled-1-e1600342488684-2048x1438.jpg 2048w\" sizes=\"(max-width: 767px) 89vw, (max-width: 1000px) 54vw, (max-width: 1071px) 543px, 580px\" \/><figcaption id=\"caption-attachment-161\" class=\"wp-caption-text\">\u00a9 Zbyszek &amp; Tippi Koziol &#8211; waiting for permission to use on this website. ZBIGNIEW &#8218;ZBYSZEK&#8216; KOZIOL December 18, 1946 &#8211; March 24, 2014.<\/figcaption><\/figure>\n<h4><b style=\"font-size: 1.125rem;\"><span style=\"color: #000000;\">Zeiten gro\u00dfer Ver\u00e4nderungen<\/span><\/b><\/h4>\n<p>Auch in meinem Leben gab es schon gro\u00dfe Ver\u00e4nderungen. Es gab es eine Zeit, in der gef\u00fchlt &#8222;kein Stein auf dem anderen\u201c blieb. Es war eine Zeit der absoluten Neuorientierung. Tabula rasa. Beruflich, privat, pers\u00f6nlich.<\/p>\n<p>Und ich bin sehr froh und dankbar, dass ich in der Phase gelernt habe, dass man nicht immer alles mit sich selbst ausmachen muss &#8211; und sollte. Und vor allem bin ich den Menschen dankbar, die mir in diesen Zeiten zur Seite standen. Sie waren \u2013 und sind heute noch \u2013 sehr wichtige Lehrer und Wegbegleiter.<\/p>\n<figure id=\"attachment_1399\" aria-describedby=\"caption-attachment-1399\" style=\"width: 1024px\" class=\"wp-caption alignnone\"><img loading=\"lazy\" class=\"wp-image-1399 size-full\" src=\"https:\/\/mari-jokinen.com\/info\/wp-content\/uploads\/2020\/10\/DH_SunsetSard.jpg\" alt=\"Foto: Stefan Nowak\" width=\"1024\" height=\"576\" srcset=\"https:\/\/mari-jokinen.com\/info\/wp-content\/uploads\/2020\/10\/DH_SunsetSard.jpg 1024w, https:\/\/mari-jokinen.com\/info\/wp-content\/uploads\/2020\/10\/DH_SunsetSard-300x169.jpg 300w, https:\/\/mari-jokinen.com\/info\/wp-content\/uploads\/2020\/10\/DH_SunsetSard-768x432.jpg 768w\" sizes=\"(max-width: 767px) 89vw, (max-width: 1000px) 54vw, (max-width: 1071px) 543px, 580px\" \/><figcaption id=\"caption-attachment-1399\" class=\"wp-caption-text\">Foto: Stefan Nowak<\/figcaption><\/figure>\n<h4><span style=\"color: #000000;\"><b>Erfahrungen, Leidenschaften und \u00dcberzeugungen<\/b><\/span><\/h4>\n<p>Meine Coachingerfahrung und Methodenkompetenz basieren einerseits auf einer \u00fcber 20 j\u00e4hrigen Erfahrung in der freien Wirtschaft \u2013 15 Jahre davon als F\u00fchrungskraft von kleinen und gro\u00dfen strategischen und operativen Teams und Gesch\u00e4ftsbereichen mit bis zu 350 Mitarbeitern; a<span style=\"font-size: 1rem;\">ls Menschen- und Personalentwickler sowie Change-Manager. <\/span><\/p>\n<p><span style=\"font-size: 1rem;\">Freiberuflich begleite ich Menschen und Unternehmen seit 2012 bei kleinen und gro\u00dfen pers\u00f6nlichen, beruflichen und unternehmerischen Ver\u00e4nderungsprozessen.\u00a0<\/span><\/p>\n<p><span style=\"font-size: 1rem;\">Andererseits ist lebenslanges Lernen f\u00fcr mich keine Floskel oder Theorie, sondern eine Art Lebenselixier. Neben mehreren Jahren fundierter Aus- und Weiterbildung als Systemische Beraterin f\u00fcr Einzelpersonen, Teams und Organisationen, sowie in Neurolinguistischer Programmierung (NLP) habe ich mich in verschiedenen weiteren Methoden der Humanistischen Psychologie aus- und weitergebildet.\u00a0<\/span><\/p>\n<p><span style=\"font-size: 1rem;\">Und nat\u00fcrlich ist im Lauf der Zeit auch eine ganze Menge Lebenserfahrung dazugekommen. Ehrenamtlich arbeite ich als Schulmediatorin an einer Gemeinschaftshauptschule in K\u00f6ln.<\/span><\/p>\n<p><span style=\"font-size: 1rem;\">Ich arbeite mit Werkzeugen und Formaten, die vor allem auf der<\/span><span style=\"font-size: 1rem;\">\u00a0<\/span>Humanistischen Psychologie\u00a0<span style=\"font-size: 1rem;\">basieren. Dazu geh\u00f6ren &#8211; unter anderen &#8211; Formate und Methoden aus der Systemischen Therapie und Beratung,\u00a0 Neurolinguistischer Programmierung (NLP), Gespr\u00e4chspsychotherapie nach Carl Rogers, L\u00f6sungsfokussierendem Coaching, Hypnotherapie, Achtsamkeitspraxis, Gestalttherapie nach Fritz\u00a0<\/span>Perls\u00a0<span style=\"font-size: 1rem;\">und Bioenergetik.<\/span><\/p>\n<p><span style=\"font-size: 1rem;\">Ich selbst bin auch durch viele H\u00f6hen und Tiefen gegangen in meinem bisherigen Leben. Und ich habe erlebt was es f\u00fcr einen Unterschied macht, wenn dir ein anderer Mensch mit seinem ganzen Wesen zugewandt ist. Dir ohne jede Wertung zuh\u00f6rt und Dich einfach so nimmt, wie Du bist. Dir das Gef\u00fchl gibt, dass Du \u201ein Ordnung\u201c bist.<\/span><\/p>\n<h4><span style=\"color: #000000;\"><strong>Herzlich willkommen<\/strong><\/span><\/h4>\n<figure id=\"attachment_618\" aria-describedby=\"caption-attachment-618\" style=\"width: 2480px\" class=\"wp-caption alignnone\"><img loading=\"lazy\" class=\"wp-image-618 size-full\" src=\"https:\/\/mari-jokinen.com\/info\/wp-content\/uploads\/2020\/09\/12.jpg\" alt=\"Foto: Photo Ocean, Bettina Dahm\" width=\"2480\" height=\"827\" srcset=\"https:\/\/mari-jokinen.com\/info\/wp-content\/uploads\/2020\/09\/12.jpg 2480w, https:\/\/mari-jokinen.com\/info\/wp-content\/uploads\/2020\/09\/12-300x100.jpg 300w, https:\/\/mari-jokinen.com\/info\/wp-content\/uploads\/2020\/09\/12-1024x341.jpg 1024w, https:\/\/mari-jokinen.com\/info\/wp-content\/uploads\/2020\/09\/12-768x256.jpg 768w, https:\/\/mari-jokinen.com\/info\/wp-content\/uploads\/2020\/09\/12-1536x512.jpg 1536w, https:\/\/mari-jokinen.com\/info\/wp-content\/uploads\/2020\/09\/12-2048x683.jpg 2048w\" sizes=\"(max-width: 767px) 89vw, (max-width: 1000px) 54vw, (max-width: 1071px) 543px, 580px\" \/><figcaption id=\"caption-attachment-618\" class=\"wp-caption-text\">Foto: Photo Ocean, Bettina Dahm<\/figcaption><\/figure>\n<p><span style=\"color: #000000;\">Ich freue mich darauf, Sie ein St\u00fcck zu mehr &#8222;hell und bunt&#8220; in Ihrem Leben zu begleiten.<\/span><\/p>\n<p>Wer sich f\u00fcr mehr Fakten interessiert, findet hier einen Auszug meiner Aus- und Weiterbildungen\u2026<\/p>\n<ul>\n<li style=\"list-style-type: none;\">\n<ul>\n<li>Ausbildung zur Schulmediatorin<\/li>\n<li>Heilerlaubnis der Stadt K\u00f6ln: Heilpraktiker (Psychotherapie)<\/li>\n<li>Bioenergetik; Gef\u00e4hrten, K\u00f6ln<\/li>\n<li>Gestalttherapie nach Fritz Perls; Gef\u00e4hrten, K\u00f6ln<\/li>\n<li>Personenzentrierte Gespr\u00e4chspsychotherapie nach Carl Rogers; Gef\u00e4hrten, K\u00f6ln<\/li>\n<li>L\u00f6sungsfokussierendes Coaching; Institut Tom Andreas, K\u00f6ln<\/li>\n<li>Hypnotische Kommunikation; Henning Alberts, Stuttgart<\/li>\n<li>NLP Master (inkl. Gewaltfreie Kommunikation nach Marshall B. Rosenberg); Institut Tom Andreas, K\u00f6ln, Zertifiziert nach DVNLP<\/li>\n<li>NLP Practitioner; Institut Tom Andreas, K\u00f6ln, Zertifiziert nach DVNLP<\/li>\n<li>Systemische Beraterin f\u00fcr Einzelpersonen, Teams und Organisationen; Neues Lernen, K\u00f6ln (Ausbildung Zertifiziert nach ProC Association)<\/li>\n<li>Diplom-Kauffrau (Universit\u00e4t zu K\u00f6ln)<\/li>\n<\/ul>\n<\/li>\n<\/ul>\n<p><strong>Mitgliedschaften:<\/strong><\/p>\n<ul>\n<li style=\"list-style-type: none;\">\n<ul>\n<li>DVNLP (Deutscher Verband f\u00fcr Neuro-Linguistisches Programmieren e. V.)<\/li>\n<li>VFP (Verband Freier Psychotherapeuten, Heilpraktiker f\u00fcr Psychotherapie und Psychologischer Berater e.V.)<\/li>\n<li>SiS (Seniors in School e.V.)<\/li>\n<li>FDHG (Finnisch-Deutsche Handelsgilde NRW)<\/li>\n<\/ul>\n<\/li>\n<\/ul>\n","protected":false},"excerpt":{"rendered":"<p>Ich mag das Leben bunt Doch\u00a0hell und bunt ist nur m\u00f6glich, wenn man auch den Schatten kennt. Geboren und aufgewachsen\u00a0bin ich in Helsinki, Finnland. Ich liebe meine Heimat und ganz besonders die unber\u00fchrte Natur dort. Und doch bin ich seit Mitte der 80er Jahren in K\u00f6ln zu Hause. Nach einem Studium in K\u00f6ln blieb ich &hellip; <\/p>\n<p class=\"link-more\"><a href=\"https:\/\/mari-jokinen.com\/info\/ueber-mich\/\" class=\"more-link\"><span class=\"screen-reader-text\">\u201e\u201c<\/span> weiterlesen<\/a><\/p>\n","protected":false},"author":2,"featured_media":0,"parent":0,"menu_order":0,"comment_status":"closed","ping_status":"closed","template":"","meta":[],"_links":{"self":[{"href":"https:\/\/mari-jokinen.com\/info\/wp-json\/wp\/v2\/pages\/507"}],"collection":[{"href":"https:\/\/mari-jokinen.com\/info\/wp-json\/wp\/v2\/pages"}],"about":[{"href":"https:\/\/mari-jokinen.com\/info\/wp-json\/wp\/v2\/types\/page"}],"author":[{"embeddable":true,"href":"https:\/\/mari-jokinen.com\/info\/wp-json\/wp\/v2\/users\/2"}],"replies":[{"embeddable":true,"href":"https:\/\/mari-jokinen.com\/info\/wp-json\/wp\/v2\/comments?post=507"}],"version-history":[{"count":54,"href":"https:\/\/mari-jokinen.com\/info\/wp-json\/wp\/v2\/pages\/507\/revisions"}],"predecessor-version":[{"id":1827,"href":"https:\/\/mari-jokinen.com\/info\/wp-json\/wp\/v2\/pages\/507\/revisions\/1827"}],"wp:attachment":[{"href":"https:\/\/mari-jokinen.com\/info\/wp-json\/wp\/v2\/media?parent=507"}],"curies":[{"name":"wp","href":"https:\/\/api.w.org\/{rel}","templated":true}]}}