{"id":505,"date":"2020-09-15T10:49:07","date_gmt":"2020-09-15T08:49:07","guid":{"rendered":"https:\/\/mari-jokinen.com\/info\/?page_id=505"},"modified":"2021-01-21T11:50:45","modified_gmt":"2021-01-21T10:50:45","slug":"mein-angebot-c","status":"publish","type":"page","link":"https:\/\/mari-jokinen.com\/info\/mein-angebot-c\/","title":{"rendered":""},"content":{"rendered":"<h4><span style=\"color: #000000;\"><strong>Sie m\u00f6chten etwas in Ihrem Leben \u00e4ndern, Neues entdecken?<\/strong><\/span><\/h4>\n<p><span style=\"color: #000000;\">Mein Angebot richtet sich an Einzelpersonen, Paare und Partner sowie Teams und Gruppen.<\/span><\/p>\n<p>In einer ersten Sitzung besprechen wir gemeinsam, wie ein sinnvoller Weg f\u00fcr Sie und Ihre ganz pers\u00f6nliche Fragestellung aussehen kann.<\/p>\n<h4><span style=\"color: #000000;\"><strong>Der Ideale Startpunkt: ein\u00a02-3 Stunden-Coaching<\/strong><\/span><\/h4>\n<p>Als extrem sinnvoll &#8211; weil extrem intensiv und wirkungsvoll &#8211; hat sich ein 2-3 Stunden Coaching als Startpunkt gezeigt. Denn ganz oft kann bereits in der ersten Sitzung Vieles gekl\u00e4rt und Neues entdeckt werden. Nat\u00fcrlich geht es auch k\u00fcrzer &#8211; je nach Ihrer konkreten Fragestellung. Dies besprechen wir in aller Ruhe gemeinsam.<\/p>\n<figure id=\"attachment_1398\" aria-describedby=\"caption-attachment-1398\" style=\"width: 1024px\" class=\"wp-caption alignnone\"><img loading=\"lazy\" class=\"wp-image-1398 size-full\" src=\"https:\/\/mari-jokinen.com\/info\/wp-content\/uploads\/2020\/10\/DH_Statue_w-4.jpg\" alt=\"Foto: Stefan Nowak\" width=\"1024\" height=\"576\" srcset=\"https:\/\/mari-jokinen.com\/info\/wp-content\/uploads\/2020\/10\/DH_Statue_w-4.jpg 1024w, https:\/\/mari-jokinen.com\/info\/wp-content\/uploads\/2020\/10\/DH_Statue_w-4-300x169.jpg 300w, https:\/\/mari-jokinen.com\/info\/wp-content\/uploads\/2020\/10\/DH_Statue_w-4-768x432.jpg 768w\" sizes=\"(max-width: 767px) 89vw, (max-width: 1000px) 54vw, (max-width: 1071px) 543px, 580px\" \/><figcaption id=\"caption-attachment-1398\" class=\"wp-caption-text\">Foto: Stefan Nowak<\/figcaption><\/figure>\n<h4><span style=\"color: #000000;\"><strong>F\u00fcr Teams und Gruppen<\/strong><\/span><\/h4>\n<p>kann der sinnvolle Anfang ein gemeinsamer Abend, ein gemeinsamer Tag sein. Auch im Vorfeld eines Teamprozesses durchgef\u00fchrte\u00a0Einzelinterviews bilden oft einen hilfreichen Einstieg in ein gemeinsames Thema.<\/p>\n<h4><span style=\"color: #000000;\"><strong>Mediation und Moderation<\/strong><\/span><\/h4>\n<p>Auch unter Gesch\u00e4ftspartnern \u201eknirscht\u201c es schon mal. Mit einer Mediation \/ Moderation\u00a0lassen sich oft ganz schnell neue Wege und L\u00f6sungen finden. Ich unterst\u00fctze Sie in Ihrem Anliegen. Ergebnisoffen und neutral.<\/p>\n<h4><strong><span style=\"color: #000000;\">Den weiteren Verlauf<\/span><\/strong><\/h4>\n<p>sowie Dauer, H\u00e4ufigkeit und Honorar, besprechen wir dann anschlie\u00dfend gemeinsam. Bei Prozessen \u00fcber mehrere Sitzungen oder \u00fcber einen l\u00e4ngeren Zeitraum schauen wir immer wieder mal, welche Entwicklungen schon stattgefunden haben und passen das Vorgehen bei Bedarf entsprechend an.<\/p>\n<h4><strong><span style=\"color: #000000;\">Meine R\u00e4umlichkeiten<\/span> <\/strong><\/h4>\n<p>befinden sich in Niehl ganz in der N\u00e4he der wilden Rheinauen \u2013 und in S\u00fcrth direkt am Rhein.<\/p>\n<p>Sprechen Sie mich an f\u00fcr ein individuelles, auf Ihre Situation ma\u00dfgeschneidertes Angebot.<\/p>\n<p><span style=\"color: #000000;\"><b>Ich freue mich auf Sie!<\/b><\/span><\/p>\n<p><a href=\"https:\/\/mari-jokinen.com\/info\/kontaktformular\" target=\"_blank\" rel=\"noopener noreferrer\"><span style=\"color: #000000;\"><strong>Hier geht es zur Anfrage \/ Angebot<\/strong><\/span><\/a><\/p>\n","protected":false},"excerpt":{"rendered":"<p>Sie m\u00f6chten etwas in Ihrem Leben \u00e4ndern, Neues entdecken? Mein Angebot richtet sich an Einzelpersonen, Paare und Partner sowie Teams und Gruppen. In einer ersten Sitzung besprechen wir gemeinsam, wie ein sinnvoller Weg f\u00fcr Sie und Ihre ganz pers\u00f6nliche Fragestellung aussehen kann. Der Ideale Startpunkt: ein\u00a02-3 Stunden-Coaching Als extrem sinnvoll &#8211; weil extrem intensiv und &hellip; <\/p>\n<p class=\"link-more\"><a href=\"https:\/\/mari-jokinen.com\/info\/mein-angebot-c\/\" class=\"more-link\"><span class=\"screen-reader-text\">\u201e\u201c<\/span> weiterlesen<\/a><\/p>\n","protected":false},"author":2,"featured_media":0,"parent":0,"menu_order":0,"comment_status":"closed","ping_status":"closed","template":"","meta":[],"_links":{"self":[{"href":"https:\/\/mari-jokinen.com\/info\/wp-json\/wp\/v2\/pages\/505"}],"collection":[{"href":"https:\/\/mari-jokinen.com\/info\/wp-json\/wp\/v2\/pages"}],"about":[{"href":"https:\/\/mari-jokinen.com\/info\/wp-json\/wp\/v2\/types\/page"}],"author":[{"embeddable":true,"href":"https:\/\/mari-jokinen.com\/info\/wp-json\/wp\/v2\/users\/2"}],"replies":[{"embeddable":true,"href":"https:\/\/mari-jokinen.com\/info\/wp-json\/wp\/v2\/comments?post=505"}],"version-history":[{"count":26,"href":"https:\/\/mari-jokinen.com\/info\/wp-json\/wp\/v2\/pages\/505\/revisions"}],"predecessor-version":[{"id":1821,"href":"https:\/\/mari-jokinen.com\/info\/wp-json\/wp\/v2\/pages\/505\/revisions\/1821"}],"wp:attachment":[{"href":"https:\/\/mari-jokinen.com\/info\/wp-json\/wp\/v2\/media?parent=505"}],"curies":[{"name":"wp","href":"https:\/\/api.w.org\/{rel}","templated":true}]}}