{"id":503,"date":"2020-09-15T10:44:29","date_gmt":"2020-09-15T08:44:29","guid":{"rendered":"https:\/\/mari-jokinen.com\/info\/?page_id=503"},"modified":"2020-11-17T10:47:00","modified_gmt":"2020-11-17T09:47:00","slug":"coaching-prozess","status":"publish","type":"page","link":"https:\/\/mari-jokinen.com\/info\/coaching-prozess\/","title":{"rendered":""},"content":{"rendered":"<h4><span style=\"color: #000000;\"><b>Der erste Schritt in meinen\u00a0Coachings ist eine glasklare Formulierung <\/b><\/span><\/h4>\n<p><span style=\"color: #000000;\">Ihrer pers\u00f6nlichen Frage, Ihres konkreten Anliegens.\u00a0<\/span>Denn nur vom &#8222;richtigen&#8220; Startpunkt &#8211; der &#8222;richtigen Frage&#8220; aus &#8211; \u00a0lassen sich die m\u00f6glichen Wege zur L\u00f6sung finden, l\u00e4sst sich der beste Kurs bestimmen.<\/p>\n<p>Am Anfang schauen wir uns also gemeinsam an, worum es f\u00fcr Sie gerade geht. Erz\u00e4hlen Sie, was Sie besch\u00e4ftigt. Sie bestimmen die Themen.\u00a0<span style=\"color: #000000;\">Und ich h\u00f6re Ihnen genau zu.<\/span><\/p>\n<h4><span style=\"color: #000000;\"><strong>Die eingesetzten Methoden und das Vorgehen<\/strong><\/span><\/h4>\n<p>richten sich ganz individuell nach Ihrer Fragestellung \u2013 und Ihren Pr\u00e4ferenzen. Gemeinsam schauen wir, was zu Ihnen und Ihrer individuellen Fragestellung am besten passt. Und unterwegs schauen wir immer wieder was Sie brauchen, um Ihre Ziele nachhaltig im Alltag umzusetzen.<\/p>\n<p>Im Mittelpunkt steht dabei die Mobilisierung von Ressourcen und die \u00dcberwindung von Hindernissen in der jeweiligen Lebenssituation.<\/p>\n<p>Alles, was wir besprechen bleibt absolut vertraulich \u2013 dazu verpflichtet mich meine Ethik, aber auch ein beruflicher Ehrenkodex.<\/p>\n<figure id=\"attachment_1377\" aria-describedby=\"caption-attachment-1377\" style=\"width: 1024px\" class=\"wp-caption alignnone\"><img loading=\"lazy\" class=\"wp-image-1377 size-full\" src=\"https:\/\/mari-jokinen.com\/info\/wp-content\/uploads\/2020\/10\/DH_Light_w.jpg\" alt=\"Foto: Stefan Nowak\" width=\"1024\" height=\"576\" srcset=\"https:\/\/mari-jokinen.com\/info\/wp-content\/uploads\/2020\/10\/DH_Light_w.jpg 1024w, https:\/\/mari-jokinen.com\/info\/wp-content\/uploads\/2020\/10\/DH_Light_w-300x169.jpg 300w, https:\/\/mari-jokinen.com\/info\/wp-content\/uploads\/2020\/10\/DH_Light_w-768x432.jpg 768w\" sizes=\"(max-width: 767px) 89vw, (max-width: 1000px) 54vw, (max-width: 1071px) 543px, 580px\" \/><figcaption id=\"caption-attachment-1377\" class=\"wp-caption-text\">Foto: Stefan Nowak<\/figcaption><\/figure>\n<h4><span style=\"color: #000000;\"><strong>In der Regel geh\u00f6ren diese Schritte zu einem Coaching-Prozess dazu:<\/strong><\/span><\/h4>\n<h4><span style=\"color: #000000;\"><b>1. Schritt:<\/b> <b>Zielsetzung und Zielrichtung<\/b><\/span><\/h4>\n<p>Wie genau sieht das Ziel aus, das Sie erreichen m\u00f6chten?<\/p>\n<h4><span style=\"color: #000000;\"><b>2. Schritt:<\/b> <b>Der Weg zum Ziel \u2013 oder auch Strategie<\/b><\/span><\/h4>\n<p>Wie soll das Ziel erreicht werden?<\/p>\n<h4><span style=\"color: #000000;\"><b>3. Schritt: Ressourcen und F\u00e4higkeiten<\/b><\/span><\/h4>\n<p>Welche Ihrer Kompetenzen und F\u00e4higkeiten k\u00f6nnen Ihnen helfen, Ihr Ziel zu erreichen? Welche fehlen noch?<\/p>\n<h4><span style=\"color: #000000;\"><b>4. Schritt: Umfeld und Umgebung<\/b><\/span><\/h4>\n<p>Welche Faktoren Ihres Umfeldes k\u00f6nnen f\u00f6rderlich sein, welche hinderlich f\u00fcr Ihre Zielerreichung? Wer profitiert davon, wenn Sie Ihr Ziel erreichen, Ihre Vision umsetzten? K\u00f6nnte auch jemand darunter leiden?<\/p>\n<h4><span style=\"color: #000000;\"><b>5. Schritt: Mindset<\/b><\/span><\/h4>\n<p>Welche \u00c4ngste, Zweifel, limitierende Glaubenss\u00e4tze und Automatismen m\u00fcssen Sie loswerden, um voller Selbstbewusstsein Ihre Ziele zu erreichen?<\/p>\n<h4><strong><span style=\"color: #000000;\">Die\u00a0erste Sitzung<\/span><\/strong><\/h4>\n<p>In der ersten Sitzung besprechen wir gemeinsam einen sinnvollen Umfang, die H\u00e4ufigkeit und die Struktur des Coachings &#8211; und ich mache Ihnen ein entsprechendes Angebot.<\/p>\n<p><span style=\"color: #000000;\"><strong>Ich freue mich auf Sie!<\/strong><\/span><\/p>\n<p><a href=\"https:\/\/mari-jokinen.com\/info\/kontaktformular\" target=\"_blank\" rel=\"noopener noreferrer\"><span style=\"color: #000000;\"><strong>Hier geht es zur Anfrage \/ Anmeldung<\/strong><\/span><\/a><\/p>\n","protected":false},"excerpt":{"rendered":"<p>Der erste Schritt in meinen\u00a0Coachings ist eine glasklare Formulierung Ihrer pers\u00f6nlichen Frage, Ihres konkreten Anliegens.\u00a0Denn nur vom &#8222;richtigen&#8220; Startpunkt &#8211; der &#8222;richtigen Frage&#8220; aus &#8211; \u00a0lassen sich die m\u00f6glichen Wege zur L\u00f6sung finden, l\u00e4sst sich der beste Kurs bestimmen. Am Anfang schauen wir uns also gemeinsam an, worum es f\u00fcr Sie gerade geht. Erz\u00e4hlen Sie, &hellip; <\/p>\n<p class=\"link-more\"><a href=\"https:\/\/mari-jokinen.com\/info\/coaching-prozess\/\" class=\"more-link\"><span class=\"screen-reader-text\">\u201e\u201c<\/span> weiterlesen<\/a><\/p>\n","protected":false},"author":2,"featured_media":0,"parent":0,"menu_order":0,"comment_status":"closed","ping_status":"closed","template":"","meta":[],"_links":{"self":[{"href":"https:\/\/mari-jokinen.com\/info\/wp-json\/wp\/v2\/pages\/503"}],"collection":[{"href":"https:\/\/mari-jokinen.com\/info\/wp-json\/wp\/v2\/pages"}],"about":[{"href":"https:\/\/mari-jokinen.com\/info\/wp-json\/wp\/v2\/types\/page"}],"author":[{"embeddable":true,"href":"https:\/\/mari-jokinen.com\/info\/wp-json\/wp\/v2\/users\/2"}],"replies":[{"embeddable":true,"href":"https:\/\/mari-jokinen.com\/info\/wp-json\/wp\/v2\/comments?post=503"}],"version-history":[{"count":27,"href":"https:\/\/mari-jokinen.com\/info\/wp-json\/wp\/v2\/pages\/503\/revisions"}],"predecessor-version":[{"id":1781,"href":"https:\/\/mari-jokinen.com\/info\/wp-json\/wp\/v2\/pages\/503\/revisions\/1781"}],"wp:attachment":[{"href":"https:\/\/mari-jokinen.com\/info\/wp-json\/wp\/v2\/media?parent=503"}],"curies":[{"name":"wp","href":"https:\/\/api.w.org\/{rel}","templated":true}]}}