{"id":497,"date":"2020-09-15T10:42:01","date_gmt":"2020-09-15T08:42:01","guid":{"rendered":"https:\/\/mari-jokinen.com\/info\/?page_id=497"},"modified":"2020-11-22T15:38:00","modified_gmt":"2020-11-22T14:38:00","slug":"mein-angebot-p","status":"publish","type":"page","link":"https:\/\/mari-jokinen.com\/info\/mein-angebot-p\/","title":{"rendered":""},"content":{"rendered":"<h4><span style=\"color: #000000;\"><strong>Mein Angebot ist immer individuell<\/strong><\/span><\/h4>\n<p>Mein Angebot wird ma\u00dfgeschneidert auf Ihre ganz pers\u00f6nliche Situation und Thema und richtet sich in erster Linie an Selbstzahler. Die gesetzlichen Krankenkassen \u00fcbernehmen meine Leistungen als Heilpraktiker (Psychotherapie) in der Regel nicht.<\/p>\n<p>Je nach Krankenversicherung (Privat \/ Zusatzversicherung) k\u00f6nnen die Kosten aber ganz oder teilweise \u00fcbernommen werden. Am besten kl\u00e4ren Sie eine eventuelle Kosten\u00fcbernahme vorab mit Ihrer Krankenkasse.<\/p>\n<p>Die Kosten k\u00f6nnen Sie gegebenenfalls auch als au\u00dfergew\u00f6hnliche Belastung steuerlich geltend machen.<\/p>\n<figure id=\"attachment_1353\" aria-describedby=\"caption-attachment-1353\" style=\"width: 1024px\" class=\"wp-caption alignnone\"><img loading=\"lazy\" class=\"wp-image-1353 size-full\" src=\"https:\/\/mari-jokinen.com\/info\/wp-content\/uploads\/2020\/10\/DH_2020-09-19-13-29-09-Kopie.jpg\" alt=\"Foto: Mona Virta\" width=\"1024\" height=\"576\" srcset=\"https:\/\/mari-jokinen.com\/info\/wp-content\/uploads\/2020\/10\/DH_2020-09-19-13-29-09-Kopie.jpg 1024w, https:\/\/mari-jokinen.com\/info\/wp-content\/uploads\/2020\/10\/DH_2020-09-19-13-29-09-Kopie-300x169.jpg 300w, https:\/\/mari-jokinen.com\/info\/wp-content\/uploads\/2020\/10\/DH_2020-09-19-13-29-09-Kopie-768x432.jpg 768w\" sizes=\"(max-width: 767px) 89vw, (max-width: 1000px) 54vw, (max-width: 1071px) 543px, 580px\" \/><figcaption id=\"caption-attachment-1353\" class=\"wp-caption-text\">Foto: Mona Virta<\/figcaption><\/figure>\n<p>Die Zahlung erfolgt in Bar direkt nach jeder Sitzung \u2013 oder nach Absprache per \u00dcberweisung. Bei Sitzungen, die online stattfinden, erfolgt die Bezahlung vorab per \u00dcberweisung. Eine Rechnung stelle ich Ihnen nat\u00fcrlich in allen F\u00e4llen aus.<\/p>\n<h4><span style=\"color: #000000;\"><b>Vorteile Selbstzahler<\/b><\/span><\/h4>\n<p>Die Wartezeiten auf eine Psychotherapie sind oft lang \u2013 viele meiner Klienten empfinden bereits eine gro\u00dfe Entlastung und Linderung ihrer Beschwerden durch die Gespr\u00e4che, w\u00e4hrend sie auf einen kassen\u00e4rtztlichen Therapieplatz warten. Bei Bedarf kann ich Ihnen in der Regel auch kurzfristig Termine anbieten &#8211; auch Abends und am Wochenende.<\/p>\n<p>Ein weiterer Vorteil kann sein, dass eine privat gezahlte psychotherapeutische Sitzung nicht aktenkundig wird.<\/p>\n<h4><span style=\"color: #000000;\"><b>Anzahl der Sitzungen<\/b><\/span><\/h4>\n<p>Beginnend mit einem ausf\u00fchrlichen Anamnesegespr\u00e4ch schauen wir gemeinsam, welches Thema sich bei Ihnen besonders zeigt und besprechen, wie ich Sie bei der Kl\u00e4rung Ihrer Lebensthemen am besten unterst\u00fctzen und begleiten kann.<\/p>\n<p>Je nach Thema kann die Anzahl der Sitzungen sehr unterschiedlich sein. Auch den Umfang besprechen wir bei der ersten Sitzung gemeinsam. Und nat\u00fcrlich schauen wir im laufenden Prozess immer wieder, welche Entwicklungen sich zeigen, ziehen Zwischenbilanz und besprechen das weitere Vorgehen.<\/p>\n<p>Termine sind auch Online (per Videokonferenz) m\u00f6glich.<\/p>\n<p>Termine, die nicht sp\u00e4testens 24 Stunden vorher abgesagt wurden, werden in voller H\u00f6he berechnet.<\/p>\n<h4><span style=\"color: #000000;\"><strong>Meine R\u00e4umlichkeiten <\/strong><\/span><\/h4>\n<p>befinden sich in Niehl ganz in der N\u00e4he der wilden Rheinauen \u2013 und in S\u00fcrth direkt am Rhein.<\/p>\n<h4><span style=\"color: #000000;\"><b>Aktuelle Angebote<\/b><\/span><\/h4>\n<p>finden Sie auch unter der Rubrik \u201eAktuelles\u201c.<\/p>\n<p><span style=\"color: #000000;\"><strong>Ich freue mich auf Sie!<\/strong><\/span><\/p>\n<p><a href=\"https:\/\/mari-jokinen.com\/info\/kontaktformular\/\" target=\"_blank\" rel=\"noopener noreferrer\"><span style=\"color: #000000;\"><strong>Hier geht es zur Anfrage \/ Anmeldung<\/strong><\/span><\/a><\/p>\n","protected":false},"excerpt":{"rendered":"<p>Mein Angebot ist immer individuell Mein Angebot wird ma\u00dfgeschneidert auf Ihre ganz pers\u00f6nliche Situation und Thema und richtet sich in erster Linie an Selbstzahler. Die gesetzlichen Krankenkassen \u00fcbernehmen meine Leistungen als Heilpraktiker (Psychotherapie) in der Regel nicht. Je nach Krankenversicherung (Privat \/ Zusatzversicherung) k\u00f6nnen die Kosten aber ganz oder teilweise \u00fcbernommen werden. Am besten kl\u00e4ren &hellip; <\/p>\n<p class=\"link-more\"><a href=\"https:\/\/mari-jokinen.com\/info\/mein-angebot-p\/\" class=\"more-link\"><span class=\"screen-reader-text\">\u201e\u201c<\/span> weiterlesen<\/a><\/p>\n","protected":false},"author":2,"featured_media":0,"parent":0,"menu_order":0,"comment_status":"closed","ping_status":"closed","template":"","meta":[],"_links":{"self":[{"href":"https:\/\/mari-jokinen.com\/info\/wp-json\/wp\/v2\/pages\/497"}],"collection":[{"href":"https:\/\/mari-jokinen.com\/info\/wp-json\/wp\/v2\/pages"}],"about":[{"href":"https:\/\/mari-jokinen.com\/info\/wp-json\/wp\/v2\/types\/page"}],"author":[{"embeddable":true,"href":"https:\/\/mari-jokinen.com\/info\/wp-json\/wp\/v2\/users\/2"}],"replies":[{"embeddable":true,"href":"https:\/\/mari-jokinen.com\/info\/wp-json\/wp\/v2\/comments?post=497"}],"version-history":[{"count":33,"href":"https:\/\/mari-jokinen.com\/info\/wp-json\/wp\/v2\/pages\/497\/revisions"}],"predecessor-version":[{"id":1816,"href":"https:\/\/mari-jokinen.com\/info\/wp-json\/wp\/v2\/pages\/497\/revisions\/1816"}],"wp:attachment":[{"href":"https:\/\/mari-jokinen.com\/info\/wp-json\/wp\/v2\/media?parent=497"}],"curies":[{"name":"wp","href":"https:\/\/api.w.org\/{rel}","templated":true}]}}