{"id":487,"date":"2020-09-15T10:38:13","date_gmt":"2020-09-15T08:38:13","guid":{"rendered":"https:\/\/mari-jokinen.com\/info\/?page_id=487"},"modified":"2020-11-17T13:07:21","modified_gmt":"2020-11-17T12:07:21","slug":"in-bewegung-kommen","status":"publish","type":"page","link":"https:\/\/mari-jokinen.com\/info\/in-bewegung-kommen\/","title":{"rendered":""},"content":{"rendered":"<h4><span style=\"color: #000000;\"><b>Unser Gehirn mag keine Ver\u00e4nderungen<\/b><\/span><\/h4>\n<p>Ver\u00e4nderungen brauchen sehr viel Energie \u2013 und das \u00fcber eine l\u00e4ngere Zeit. Wenn wir dauerhafte Ver\u00e4nderungen bewirken wollen, ist es gut zu wissen, mit welchen Strategien unser Gehirn \u201edagegen\u201c arbeitet \u2013 und wie wir trotzdem weiterkommen.<\/p>\n<h4><strong><span style=\"color: #000000;\">Manch ein Thema l\u00e4sst sich besonders gut bewegen, <\/span><\/strong><\/h4>\n<p><span style=\"color: #000000;\">wenn wir auch k\u00f6rperlich in Bewegung gehen. Oder in den Wald.\u00a0<\/span>Beim Spaziergang auf den verschlungenen Pfaden der Rheinauen im K\u00f6lner Norden oder beim &#8222;Waldbaden&#8220; in den Weiten des Naturschutzgebietes im K\u00f6lner S\u00fcden lassen sich an den Wegkreuzungen der Natur auch neue Richtungen f\u00fcr unsere ganz pers\u00f6nlichen Lebensthemen finden.<\/p>\n<figure id=\"attachment_1425\" aria-describedby=\"caption-attachment-1425\" style=\"width: 1024px\" class=\"wp-caption alignnone\"><img loading=\"lazy\" class=\"wp-image-1425 size-full\" src=\"https:\/\/mari-jokinen.com\/info\/wp-content\/uploads\/2020\/10\/DH_Wellen_Felsen_Winter-1.jpg\" alt=\"Foto: Stefan Nowak\" width=\"1024\" height=\"576\" srcset=\"https:\/\/mari-jokinen.com\/info\/wp-content\/uploads\/2020\/10\/DH_Wellen_Felsen_Winter-1.jpg 1024w, https:\/\/mari-jokinen.com\/info\/wp-content\/uploads\/2020\/10\/DH_Wellen_Felsen_Winter-1-300x169.jpg 300w, https:\/\/mari-jokinen.com\/info\/wp-content\/uploads\/2020\/10\/DH_Wellen_Felsen_Winter-1-768x432.jpg 768w\" sizes=\"(max-width: 767px) 89vw, (max-width: 1000px) 54vw, (max-width: 1071px) 543px, 580px\" \/><figcaption id=\"caption-attachment-1425\" class=\"wp-caption-text\">Foto: Stefan Nowak<\/figcaption><\/figure>\n<p>Auch meine R\u00e4umlichkeiten befinden sich in Niehl in der N\u00e4he der wilden Rheinauen \u2013 und in S\u00fcrth direkt am Rhein und den weitl\u00e4ufigen Waldgebieten des Naturschutzgebietes.<span class=\"Apple-converted-space\">\u00a0<\/span><\/p>\n<p><span style=\"color: #000000;\">Und wenn Sie Ihre Themen an einem anderen Lieblingsort bewegen m\u00f6chten, sprechen Sie mich an!<\/span><\/p>\n<p><span style=\"color: #000000;\"><strong>Ich freue mich auf Sie!<\/strong><\/span><\/p>\n<p><a href=\"https:\/\/mari-jokinen.com\/info\/kontaktformular\" target=\"_blank\" rel=\"noopener noreferrer\"><span style=\"color: #000000;\"><strong>Hier geht es zur Anfrage \/ Anmeldung<\/strong><\/span><\/a><\/p>\n","protected":false},"excerpt":{"rendered":"<p>Unser Gehirn mag keine Ver\u00e4nderungen Ver\u00e4nderungen brauchen sehr viel Energie \u2013 und das \u00fcber eine l\u00e4ngere Zeit. Wenn wir dauerhafte Ver\u00e4nderungen bewirken wollen, ist es gut zu wissen, mit welchen Strategien unser Gehirn \u201edagegen\u201c arbeitet \u2013 und wie wir trotzdem weiterkommen. Manch ein Thema l\u00e4sst sich besonders gut bewegen, wenn wir auch k\u00f6rperlich in Bewegung &hellip; <\/p>\n<p class=\"link-more\"><a href=\"https:\/\/mari-jokinen.com\/info\/in-bewegung-kommen\/\" class=\"more-link\"><span class=\"screen-reader-text\">\u201e\u201c<\/span> weiterlesen<\/a><\/p>\n","protected":false},"author":2,"featured_media":0,"parent":0,"menu_order":0,"comment_status":"closed","ping_status":"closed","template":"","meta":[],"_links":{"self":[{"href":"https:\/\/mari-jokinen.com\/info\/wp-json\/wp\/v2\/pages\/487"}],"collection":[{"href":"https:\/\/mari-jokinen.com\/info\/wp-json\/wp\/v2\/pages"}],"about":[{"href":"https:\/\/mari-jokinen.com\/info\/wp-json\/wp\/v2\/types\/page"}],"author":[{"embeddable":true,"href":"https:\/\/mari-jokinen.com\/info\/wp-json\/wp\/v2\/users\/2"}],"replies":[{"embeddable":true,"href":"https:\/\/mari-jokinen.com\/info\/wp-json\/wp\/v2\/comments?post=487"}],"version-history":[{"count":33,"href":"https:\/\/mari-jokinen.com\/info\/wp-json\/wp\/v2\/pages\/487\/revisions"}],"predecessor-version":[{"id":1775,"href":"https:\/\/mari-jokinen.com\/info\/wp-json\/wp\/v2\/pages\/487\/revisions\/1775"}],"wp:attachment":[{"href":"https:\/\/mari-jokinen.com\/info\/wp-json\/wp\/v2\/media?parent=487"}],"curies":[{"name":"wp","href":"https:\/\/api.w.org\/{rel}","templated":true}]}}