{"id":485,"date":"2020-09-15T10:36:36","date_gmt":"2020-09-15T08:36:36","guid":{"rendered":"https:\/\/mari-jokinen.com\/info\/?page_id=485"},"modified":"2020-11-17T10:42:48","modified_gmt":"2020-11-17T09:42:48","slug":"position-beziehen","status":"publish","type":"page","link":"https:\/\/mari-jokinen.com\/info\/position-beziehen\/","title":{"rendered":""},"content":{"rendered":"<h4><span style=\"color: #000000;\"><strong>F\u00fcr eine zielgerichtete Ver\u00e4nderung braucht es eine klare Position:\u00a0<\/strong><\/span><\/h4>\n<p>das, was wir wirklich wollen. Denn mit einer klaren Start- und Zielposition lassen sich neue Wege viel leichter finden.<\/p>\n<p>Oft f\u00e4llt es uns leichter ganz pr\u00e4zise zu sagen, was wir nicht wollen. F\u00fcr eine zielgerichtete Ver\u00e4nderung ist es aber hilfreich, eine klare Position zu finden &#8211; und zu beziehen. Zu wissen, was wir statt dessen wirklich wollen. Und genau mit dieser Frage kann ein wirkungsvoller Ver\u00e4nderungsprozess anfangen: \u201eWorum geht es mir wirklich? Was will ich wirklich?\u201c.<\/p>\n<figure id=\"attachment_1672\" aria-describedby=\"caption-attachment-1672\" style=\"width: 768px\" class=\"wp-caption alignnone\"><img loading=\"lazy\" class=\"wp-image-1672 size-full\" src=\"https:\/\/mari-jokinen.com\/info\/wp-content\/uploads\/2020\/11\/DH_P1070040-768x400-1.jpg\" alt=\"Foto: Stefan Nowak\" width=\"768\" height=\"400\" srcset=\"https:\/\/mari-jokinen.com\/info\/wp-content\/uploads\/2020\/11\/DH_P1070040-768x400-1.jpg 768w, https:\/\/mari-jokinen.com\/info\/wp-content\/uploads\/2020\/11\/DH_P1070040-768x400-1-300x156.jpg 300w\" sizes=\"(max-width: 767px) 89vw, (max-width: 1000px) 54vw, (max-width: 1071px) 543px, 580px\" \/><figcaption id=\"caption-attachment-1672\" class=\"wp-caption-text\">Foto: Stefan Nowak<\/figcaption><\/figure>\n<p><span style=\"color: #000000;\"><b>Am Anfang steht das Aussprechen &#8211; und das Zuh\u00f6ren<\/b><\/span><\/p>\n<p>Schon mit dem Aussprechen unserer Gedanken und Gef\u00fchle kann eine Ver\u00e4nderung beginnen. Wenn uns dann jemand sehr genau zuh\u00f6rt und uns dazu noch die richtigen Fragen stellt, k\u00f6nnen wir erstaunlich schnell zu guten Antworten kommen.<\/p>\n<p><span style=\"color: #000000;\">Im Gespr\u00e4ch\u00a0kann ich Sie dabei unterst\u00fctzen, eine klare Position zu finden\u00a0<\/span><span style=\"color: #000000;\">und zu beziehen. <\/span><span style=\"color: #000000;\">Um von dort aus Ihre ganz\u00a0pers\u00f6nlichen Themen anzugehen und zu bearbeiten.<\/span><\/p>\n<p><span style=\"color: #000000;\"><strong>Ich freue mich auf Sie!<\/strong><\/span><\/p>\n<p><a href=\"https:\/\/mari-jokinen.com\/info\/kontaktformular\" target=\"_blank\" rel=\"noopener noreferrer\"><strong>Hier geht es zur Anfrage \/ Anmeldung<\/strong><\/a><\/p>\n","protected":false},"excerpt":{"rendered":"<p>F\u00fcr eine zielgerichtete Ver\u00e4nderung braucht es eine klare Position:\u00a0 das, was wir wirklich wollen. Denn mit einer klaren Start- und Zielposition lassen sich neue Wege viel leichter finden. Oft f\u00e4llt es uns leichter ganz pr\u00e4zise zu sagen, was wir nicht wollen. F\u00fcr eine zielgerichtete Ver\u00e4nderung ist es aber hilfreich, eine klare Position zu finden &#8211; &hellip; <\/p>\n<p class=\"link-more\"><a href=\"https:\/\/mari-jokinen.com\/info\/position-beziehen\/\" class=\"more-link\"><span class=\"screen-reader-text\">\u201e\u201c<\/span> weiterlesen<\/a><\/p>\n","protected":false},"author":2,"featured_media":0,"parent":0,"menu_order":0,"comment_status":"closed","ping_status":"closed","template":"","meta":[],"_links":{"self":[{"href":"https:\/\/mari-jokinen.com\/info\/wp-json\/wp\/v2\/pages\/485"}],"collection":[{"href":"https:\/\/mari-jokinen.com\/info\/wp-json\/wp\/v2\/pages"}],"about":[{"href":"https:\/\/mari-jokinen.com\/info\/wp-json\/wp\/v2\/types\/page"}],"author":[{"embeddable":true,"href":"https:\/\/mari-jokinen.com\/info\/wp-json\/wp\/v2\/users\/2"}],"replies":[{"embeddable":true,"href":"https:\/\/mari-jokinen.com\/info\/wp-json\/wp\/v2\/comments?post=485"}],"version-history":[{"count":46,"href":"https:\/\/mari-jokinen.com\/info\/wp-json\/wp\/v2\/pages\/485\/revisions"}],"predecessor-version":[{"id":1773,"href":"https:\/\/mari-jokinen.com\/info\/wp-json\/wp\/v2\/pages\/485\/revisions\/1773"}],"wp:attachment":[{"href":"https:\/\/mari-jokinen.com\/info\/wp-json\/wp\/v2\/media?parent=485"}],"curies":[{"name":"wp","href":"https:\/\/api.w.org\/{rel}","templated":true}]}}