{"id":483,"date":"2020-09-15T10:35:13","date_gmt":"2020-09-15T08:35:13","guid":{"rendered":"https:\/\/mari-jokinen.com\/info\/?page_id=483"},"modified":"2020-11-17T10:43:32","modified_gmt":"2020-11-17T09:43:32","slug":"leben-ist-veraenderung","status":"publish","type":"page","link":"https:\/\/mari-jokinen.com\/info\/leben-ist-veraenderung\/","title":{"rendered":""},"content":{"rendered":"<h4><span style=\"color: #000000;\"><b>Ver\u00e4nderungen machen uns oft erstmal Angst<\/b><\/span><\/h4>\n<p>Vor allem dann, wenn sie nicht ganz \u201efreiwillig\u201c geschehen. Wir f\u00fchlen uns \u00fcberfordert und gestresst. Verunsicherung oder Nervosit\u00e4t macht sich breit. Wir verlieren den \u00dcberblick. Wie verlieren unsere Kraft. Wir wissen nicht mehr weiter.<\/p>\n<h4><span style=\"color: #000000;\"><strong>Aber auch \u201esch\u00f6ne\u201c und \u201egeplante\u201c Ver\u00e4nderungen sind oft nicht einfach<\/strong><\/span><\/h4>\n<p>Wir haben das Gef\u00fchl, unser Leben neu ordnen und \u00fcberpr\u00fcfen zu wollen, und die eigenen Lebensthemen und -ziele genauer anzuschauen. Auch die Mitte des Lebens, die \u201eWechseljahre\u201c oder die &#8222;Midlife-Crisis&#8220;, ist oft eine Phase der Umorientierung.<\/p>\n<figure id=\"attachment_1380\" aria-describedby=\"caption-attachment-1380\" style=\"width: 1024px\" class=\"wp-caption alignnone\"><img loading=\"lazy\" class=\"wp-image-1380 size-full\" src=\"https:\/\/mari-jokinen.com\/info\/wp-content\/uploads\/2020\/10\/DH_Mond_Wasser.jpg\" alt=\"Foto: Stefan Nowak\" width=\"1024\" height=\"576\" srcset=\"https:\/\/mari-jokinen.com\/info\/wp-content\/uploads\/2020\/10\/DH_Mond_Wasser.jpg 1024w, https:\/\/mari-jokinen.com\/info\/wp-content\/uploads\/2020\/10\/DH_Mond_Wasser-300x169.jpg 300w, https:\/\/mari-jokinen.com\/info\/wp-content\/uploads\/2020\/10\/DH_Mond_Wasser-768x432.jpg 768w\" sizes=\"(max-width: 767px) 89vw, (max-width: 1000px) 54vw, (max-width: 1071px) 543px, 580px\" \/><figcaption id=\"caption-attachment-1380\" class=\"wp-caption-text\">Foto: Stefan Nowak<\/figcaption><\/figure>\n<h4><span style=\"color: #000000;\"><b>Aus einer Krise kann Wachstum entstehen &#8211; wenn wir wollen<\/b><\/span><\/h4>\n<p>Und &#8211; wenn wir uns trauen. Eine als Krise\u00a0empfundene Lebenssituation gibt uns gleichzeitig auch die Chance zu \u00fcberpr\u00fcfen: Will ich so weiterleben, so weitermachen wie bisher? Vielleicht gibt es in mir noch einen Traum, eine Vision, einen Wunsch, ein Lebensthema, das Wirklichkeit werden oder aufgel\u00f6st werden will&#8230;<\/p>\n<figure id=\"attachment_1391\" aria-describedby=\"caption-attachment-1391\" style=\"width: 1024px\" class=\"wp-caption alignnone\"><img loading=\"lazy\" class=\"wp-image-1391 size-full\" src=\"https:\/\/mari-jokinen.com\/info\/wp-content\/uploads\/2020\/10\/DH_P1070188.jpg\" alt=\"Foto: Stefan Nowak\" width=\"1024\" height=\"576\" srcset=\"https:\/\/mari-jokinen.com\/info\/wp-content\/uploads\/2020\/10\/DH_P1070188.jpg 1024w, https:\/\/mari-jokinen.com\/info\/wp-content\/uploads\/2020\/10\/DH_P1070188-300x169.jpg 300w, https:\/\/mari-jokinen.com\/info\/wp-content\/uploads\/2020\/10\/DH_P1070188-768x432.jpg 768w\" sizes=\"(max-width: 767px) 89vw, (max-width: 1000px) 54vw, (max-width: 1071px) 543px, 580px\" \/><figcaption id=\"caption-attachment-1391\" class=\"wp-caption-text\">Foto: Stefan Nowak<\/figcaption><\/figure>\n<h4><span style=\"color: #000000;\"><strong>Solche Phasen erleben wir alle mal<\/strong><\/span><\/h4>\n<p>Und in solchen Phasen k\u00f6nnen wir uns etwas Gutes tun &#8211; und uns selbst mit Achtung und Selbstmitgef\u00fchl begegnen. Uns selbst wertsch\u00e4tzen und das schon Erreichte w\u00fcrdigen. Und gleichzeitig Ver\u00e4nderungen bewirken und neue Wege finden.<\/p>\n<p><span style=\"color: #000000;\">Und es tut einfach gut,\u00a0<\/span>dies gemeinsam mit einer erfahrenen Begleitung anzugehen,\u00a0die uns beim Herausfinden eines guten Weges und beim Neuordnen unserer Gedanken unterst\u00fctzt und uns ein St\u00fcck begleitet.<\/p>\n<p><span style=\"color: #000000;\"><strong>Ich freue mich auf Sie!<\/strong><\/span><\/p>\n<p><a href=\"https:\/\/mari-jokinen.com\/info\/kontaktformular\" target=\"_blank\" rel=\"noopener noreferrer\"><span style=\"color: #000000;\"><strong>Hier geht es zur Anfrage \/ Anmeldung<\/strong><\/span><\/a><\/p>\n","protected":false},"excerpt":{"rendered":"<p>Ver\u00e4nderungen machen uns oft erstmal Angst Vor allem dann, wenn sie nicht ganz \u201efreiwillig\u201c geschehen. Wir f\u00fchlen uns \u00fcberfordert und gestresst. Verunsicherung oder Nervosit\u00e4t macht sich breit. Wir verlieren den \u00dcberblick. Wie verlieren unsere Kraft. Wir wissen nicht mehr weiter. Aber auch \u201esch\u00f6ne\u201c und \u201egeplante\u201c Ver\u00e4nderungen sind oft nicht einfach Wir haben das Gef\u00fchl, unser &hellip; <\/p>\n<p class=\"link-more\"><a href=\"https:\/\/mari-jokinen.com\/info\/leben-ist-veraenderung\/\" class=\"more-link\"><span class=\"screen-reader-text\">\u201e\u201c<\/span> weiterlesen<\/a><\/p>\n","protected":false},"author":2,"featured_media":0,"parent":0,"menu_order":0,"comment_status":"closed","ping_status":"closed","template":"","meta":[],"_links":{"self":[{"href":"https:\/\/mari-jokinen.com\/info\/wp-json\/wp\/v2\/pages\/483"}],"collection":[{"href":"https:\/\/mari-jokinen.com\/info\/wp-json\/wp\/v2\/pages"}],"about":[{"href":"https:\/\/mari-jokinen.com\/info\/wp-json\/wp\/v2\/types\/page"}],"author":[{"embeddable":true,"href":"https:\/\/mari-jokinen.com\/info\/wp-json\/wp\/v2\/users\/2"}],"replies":[{"embeddable":true,"href":"https:\/\/mari-jokinen.com\/info\/wp-json\/wp\/v2\/comments?post=483"}],"version-history":[{"count":69,"href":"https:\/\/mari-jokinen.com\/info\/wp-json\/wp\/v2\/pages\/483\/revisions"}],"predecessor-version":[{"id":1774,"href":"https:\/\/mari-jokinen.com\/info\/wp-json\/wp\/v2\/pages\/483\/revisions\/1774"}],"wp:attachment":[{"href":"https:\/\/mari-jokinen.com\/info\/wp-json\/wp\/v2\/media?parent=483"}],"curies":[{"name":"wp","href":"https:\/\/api.w.org\/{rel}","templated":true}]}}