{"id":481,"date":"2020-09-15T10:34:21","date_gmt":"2020-09-15T08:34:21","guid":{"rendered":"https:\/\/mari-jokinen.com\/info\/?page_id=481"},"modified":"2020-11-15T15:39:28","modified_gmt":"2020-11-15T14:39:28","slug":"start","status":"publish","type":"page","link":"https:\/\/mari-jokinen.com\/info\/start\/","title":{"rendered":""},"content":{"rendered":"<h4><span style=\"color: #000000;\"><strong>Zeiten von Ver\u00e4nderungen sind oft Phasen gewaltiger Umorientierung<\/strong><\/span><\/h4>\n<p>Ganz egal, ob wir uns die Ver\u00e4nderungen selbst ausgesucht haben oder nicht. Gro\u00dfe Ver\u00e4nderungen, wie Trennungen, Krankheit oder Verluste\u00a0jeglicher Art lassen uns manchmal wie innerlich erstarren.\u00a0<span style=\"font-size: 1rem;\">Und sie verlangen uns sehr viel ab.<\/span><span style=\"font-size: 1rem;\">\u00a0<\/span><\/p>\n<h4><span style=\"color: #000000;\"><strong>Gef\u00fchle von Ohnmacht<\/strong>,<strong> Trauer, Angst und Hoffnungslosigkeit<\/strong><\/span><\/h4>\n<p>machen sich dort breit, wo auch Freude, Zuversicht, Hoffnung und Gl\u00fccksgef\u00fchle sein k\u00f6nnten. Stress, Burn-Out, Schlaflosigkeit, \u00c4ngste, psychosomatische Beschwerden und Depressionen k\u00f6nnen die Folge sein.<\/p>\n<figure id=\"attachment_1383\" aria-describedby=\"caption-attachment-1383\" style=\"width: 1024px\" class=\"wp-caption alignnone\"><img loading=\"lazy\" class=\"wp-image-1383 size-full\" src=\"https:\/\/mari-jokinen.com\/info\/wp-content\/uploads\/2020\/10\/DH_Nebel_Winter-scaled-1.jpg\" alt=\"Foto: Stefan Nowak\" width=\"1024\" height=\"576\" srcset=\"https:\/\/mari-jokinen.com\/info\/wp-content\/uploads\/2020\/10\/DH_Nebel_Winter-scaled-1.jpg 1024w, https:\/\/mari-jokinen.com\/info\/wp-content\/uploads\/2020\/10\/DH_Nebel_Winter-scaled-1-300x169.jpg 300w, https:\/\/mari-jokinen.com\/info\/wp-content\/uploads\/2020\/10\/DH_Nebel_Winter-scaled-1-768x432.jpg 768w\" sizes=\"(max-width: 767px) 89vw, (max-width: 1000px) 54vw, (max-width: 1071px) 543px, 580px\" \/><figcaption id=\"caption-attachment-1383\" class=\"wp-caption-text\">Foto: Stefan Nowak<\/figcaption><\/figure>\n<h4><span style=\"color: #000000;\"><strong>Dennoch: Freude, Gelassenheit, Leichtigkeit, Zufriedenheit und Gl\u00fcck <\/strong><\/span><\/h4>\n<p>sind auch in Zeiten des Wandels und der Ver\u00e4nderung m\u00f6glich.<\/p>\n<figure id=\"attachment_1378\" aria-describedby=\"caption-attachment-1378\" style=\"width: 1024px\" class=\"wp-caption alignnone\"><img loading=\"lazy\" class=\"wp-image-1378 size-full\" src=\"https:\/\/mari-jokinen.com\/info\/wp-content\/uploads\/2020\/10\/DH_Maisema_Lappi.jpg\" alt=\"Foto: Sami Virta\" width=\"1024\" height=\"576\" srcset=\"https:\/\/mari-jokinen.com\/info\/wp-content\/uploads\/2020\/10\/DH_Maisema_Lappi.jpg 1024w, https:\/\/mari-jokinen.com\/info\/wp-content\/uploads\/2020\/10\/DH_Maisema_Lappi-300x169.jpg 300w, https:\/\/mari-jokinen.com\/info\/wp-content\/uploads\/2020\/10\/DH_Maisema_Lappi-768x432.jpg 768w\" sizes=\"(max-width: 767px) 89vw, (max-width: 1000px) 54vw, (max-width: 1071px) 543px, 580px\" \/><figcaption id=\"caption-attachment-1378\" class=\"wp-caption-text\">Foto: Sami Virta<\/figcaption><\/figure>\n<h4><span style=\"color: #000000;\"><strong>Wir alle haben Strategien, wie wir mit schwierigen Situationen umgehen<\/strong><\/span><\/h4>\n<p>Viele davon kommen aus unserer Kindheit. Sie waren damals gut &#8211; und sie haben damals unser \u00dcberleben gesichert. Heute sind viele dieser Strategien allerdings \u00fcberholt und wenig hilfreich.<\/p>\n<p>Ich bin mir sicher: bei Ihren Strategien ist eine ganze Menge N\u00fctzliches dabei. Und &#8211; vielleicht auch das ein oder andere, das \u00fcber Bord geworfen und durch eine neue, hilfreichere Strategie ersetzt werden kann&#8230;<\/p>\n<p><span style=\"color: #000000;\">Lassen Sie uns gemeinsam schauen, wie ich Sie auf Ihrem Weg des Wandels am besten unterst\u00fctzen kann.<\/span><\/p>\n<p><span style=\"color: #000000;\"><strong>Ich freue mich auf Sie!<\/strong><\/span><\/p>\n","protected":false},"excerpt":{"rendered":"<p>Zeiten von Ver\u00e4nderungen sind oft Phasen gewaltiger Umorientierung Ganz egal, ob wir uns die Ver\u00e4nderungen selbst ausgesucht haben oder nicht. Gro\u00dfe Ver\u00e4nderungen, wie Trennungen, Krankheit oder Verluste\u00a0jeglicher Art lassen uns manchmal wie innerlich erstarren.\u00a0Und sie verlangen uns sehr viel ab.\u00a0 Gef\u00fchle von Ohnmacht, Trauer, Angst und Hoffnungslosigkeit machen sich dort breit, wo auch Freude, Zuversicht, &hellip; <\/p>\n<p class=\"link-more\"><a href=\"https:\/\/mari-jokinen.com\/info\/start\/\" class=\"more-link\"><span class=\"screen-reader-text\">\u201e\u201c<\/span> weiterlesen<\/a><\/p>\n","protected":false},"author":2,"featured_media":0,"parent":0,"menu_order":0,"comment_status":"closed","ping_status":"closed","template":"","meta":[],"_links":{"self":[{"href":"https:\/\/mari-jokinen.com\/info\/wp-json\/wp\/v2\/pages\/481"}],"collection":[{"href":"https:\/\/mari-jokinen.com\/info\/wp-json\/wp\/v2\/pages"}],"about":[{"href":"https:\/\/mari-jokinen.com\/info\/wp-json\/wp\/v2\/types\/page"}],"author":[{"embeddable":true,"href":"https:\/\/mari-jokinen.com\/info\/wp-json\/wp\/v2\/users\/2"}],"replies":[{"embeddable":true,"href":"https:\/\/mari-jokinen.com\/info\/wp-json\/wp\/v2\/comments?post=481"}],"version-history":[{"count":84,"href":"https:\/\/mari-jokinen.com\/info\/wp-json\/wp\/v2\/pages\/481\/revisions"}],"predecessor-version":[{"id":1700,"href":"https:\/\/mari-jokinen.com\/info\/wp-json\/wp\/v2\/pages\/481\/revisions\/1700"}],"wp:attachment":[{"href":"https:\/\/mari-jokinen.com\/info\/wp-json\/wp\/v2\/media?parent=481"}],"curies":[{"name":"wp","href":"https:\/\/api.w.org\/{rel}","templated":true}]}}