{"id":1732,"date":"2020-11-15T17:03:33","date_gmt":"2020-11-15T16:03:33","guid":{"rendered":"https:\/\/mari-jokinen.com\/info\/?page_id=1732"},"modified":"2020-11-15T17:03:33","modified_gmt":"2020-11-15T16:03:33","slug":"kontaktformular","status":"publish","type":"page","link":"https:\/\/mari-jokinen.com\/info\/kontaktformular\/","title":{"rendered":"Kontaktformular"},"content":{"rendered":"<div role=\"form\" class=\"wpcf7\" id=\"wpcf7-f1722-o1\" lang=\"de-DE\" dir=\"ltr\">\n<div class=\"screen-reader-response\"><p role=\"status\" aria-live=\"polite\" aria-atomic=\"true\"><\/p> <ul><\/ul><\/div>\n<form action=\"\/info\/wp-json\/wp\/v2\/pages\/1732#wpcf7-f1722-o1\" method=\"post\" class=\"wpcf7-form init\" novalidate=\"novalidate\" data-status=\"init\">\n<div style=\"display: none;\">\n<input type=\"hidden\" name=\"_wpcf7\" value=\"1722\" \/>\n<input type=\"hidden\" name=\"_wpcf7_version\" value=\"5.3.2\" \/>\n<input type=\"hidden\" name=\"_wpcf7_locale\" value=\"de_DE\" \/>\n<input type=\"hidden\" name=\"_wpcf7_unit_tag\" value=\"wpcf7-f1722-o1\" \/>\n<input type=\"hidden\" name=\"_wpcf7_container_post\" value=\"0\" \/>\n<input type=\"hidden\" name=\"_wpcf7_posted_data_hash\" value=\"\" \/>\n<\/div>\n<p><span id=\"wpcf7-69e787538a2ae\" class=\"wpcf7-form-control-wrap websitecheckok-wrap\" style=\"display:none !important; visibility:hidden !important;\"><label  class=\"hp-message\">Bitte lasse dieses Feld leer.<\/label><input class=\"wpcf7-form-control wpcf7-text\"  type=\"text\" name=\"websitecheckok\" value=\"\" size=\"40\" tabindex=\"-1\" autocomplete=\"nope\" \/><\/span><\/p>\n<p><label> Ihr Name (Pflichtfeld)<br \/>\n    <span class=\"wpcf7-form-control-wrap your-name\"><input type=\"text\" name=\"your-name\" value=\"\" size=\"40\" class=\"wpcf7-form-control wpcf7-text wpcf7-validates-as-required\" aria-required=\"true\" aria-invalid=\"false\" \/><\/span> <\/label><\/p>\n<p><label> Ihre E-Mail-Adresse (Pflichtfeld)<br \/>\n    <span class=\"wpcf7-form-control-wrap your-email\"><input type=\"email\" name=\"your-email\" value=\"\" size=\"40\" class=\"wpcf7-form-control wpcf7-text wpcf7-email wpcf7-validates-as-required wpcf7-validates-as-email\" aria-required=\"true\" aria-invalid=\"false\" \/><\/span> <\/label><\/p>\n<p><label> Betreff<br \/>\n    <span class=\"wpcf7-form-control-wrap your-subject\"><input type=\"text\" name=\"your-subject\" value=\"\" size=\"40\" class=\"wpcf7-form-control wpcf7-text\" aria-invalid=\"false\" \/><\/span> <\/label><\/p>\n<p><label> Ihre Nachricht<br \/>\n    <span class=\"wpcf7-form-control-wrap your-message\"><textarea name=\"your-message\" cols=\"40\" rows=\"10\" class=\"wpcf7-form-control wpcf7-textarea\" aria-invalid=\"false\"><\/textarea><\/span> <\/label><\/p>\n<p><span id=\"wpcf7-69e787538a5b7\" class=\"wpcf7-form-control-wrap Mailchecker-wrap\" style=\"display:none !important; visibility:hidden !important;\"><label  class=\"hp-message\">Bitte lasse dieses Feld leer.<\/label><input class=\"wpcf7-form-control wpcf7-text\"  type=\"text\" name=\"Mailchecker\" value=\"\" size=\"40\" tabindex=\"-1\" autocomplete=\"nope\" \/><\/span><\/p>\n<p><span class=\"wpcf7-form-control-wrap checkbox-517\"><span class=\"wpcf7-form-control wpcf7-checkbox\"><span class=\"wpcf7-list-item first last\"><label><input type=\"checkbox\" name=\"checkbox-517[]\" value=\"Ja, ich bin damit einverstanden, \u00fcber aktuelle Angebote und Neuigkeiten per E-Mail informiert zu werden. Mein Einverst\u00e4ndnis kann ich jederzeit formlos per email widerrufen unter kontakt@mari-jokinen.de\" \/><span class=\"wpcf7-list-item-label\">Ja, ich bin damit einverstanden, \u00fcber aktuelle Angebote und Neuigkeiten per E-Mail informiert zu werden. Mein Einverst\u00e4ndnis kann ich jederzeit formlos per email widerrufen unter kontakt@mari-jokinen.de<\/span><\/label><\/span><\/span><\/span><\/p>\n<p><span class=\"wpcf7-form-control-wrap checkbox-690\"><span class=\"wpcf7-form-control wpcf7-checkbox\"><span class=\"wpcf7-list-item first last\"><label><input type=\"checkbox\" name=\"checkbox-690[]\" value=\"Ich bin damit einverstanden, dass meine Daten im Zuge dieser Anfrage \u00fcbermittelt und verarbeitet werden. Ich bin zudem darauf hingewiesen worden, dass die Erhebung, Verarbeitung und Nutzung meiner Daten auf freiwilliger Basis erfolgt. Ferner, dass ich mein Einverst\u00e4ndnis ohne f\u00fcr mich nachteilige Folgen verweigern bzw. jederzeit unter kontakt@mari-jokinen.de mit Wirkung f\u00fcr die Zukunft widerrufen kann.\" \/><span class=\"wpcf7-list-item-label\">Ich bin damit einverstanden, dass meine Daten im Zuge dieser Anfrage \u00fcbermittelt und verarbeitet werden. Ich bin zudem darauf hingewiesen worden, dass die Erhebung, Verarbeitung und Nutzung meiner Daten auf freiwilliger Basis erfolgt. Ferner, dass ich mein Einverst\u00e4ndnis ohne f\u00fcr mich nachteilige Folgen verweigern bzw. jederzeit unter kontakt@mari-jokinen.de mit Wirkung f\u00fcr die Zukunft widerrufen kann.<\/span><\/label><\/span><\/span><\/span><\/p>\n<p><input type=\"submit\" value=\"Senden\" class=\"wpcf7-form-control wpcf7-submit\" \/><\/p>\n<div class=\"wpcf7-response-output\" aria-hidden=\"true\"><\/div><\/form><\/div>\n","protected":false},"excerpt":{"rendered":"","protected":false},"author":1,"featured_media":0,"parent":0,"menu_order":0,"comment_status":"closed","ping_status":"closed","template":"","meta":[],"_links":{"self":[{"href":"https:\/\/mari-jokinen.com\/info\/wp-json\/wp\/v2\/pages\/1732"}],"collection":[{"href":"https:\/\/mari-jokinen.com\/info\/wp-json\/wp\/v2\/pages"}],"about":[{"href":"https:\/\/mari-jokinen.com\/info\/wp-json\/wp\/v2\/types\/page"}],"author":[{"embeddable":true,"href":"https:\/\/mari-jokinen.com\/info\/wp-json\/wp\/v2\/users\/1"}],"replies":[{"embeddable":true,"href":"https:\/\/mari-jokinen.com\/info\/wp-json\/wp\/v2\/comments?post=1732"}],"version-history":[{"count":2,"href":"https:\/\/mari-jokinen.com\/info\/wp-json\/wp\/v2\/pages\/1732\/revisions"}],"predecessor-version":[{"id":1738,"href":"https:\/\/mari-jokinen.com\/info\/wp-json\/wp\/v2\/pages\/1732\/revisions\/1738"}],"wp:attachment":[{"href":"https:\/\/mari-jokinen.com\/info\/wp-json\/wp\/v2\/media?parent=1732"}],"curies":[{"name":"wp","href":"https:\/\/api.w.org\/{rel}","templated":true}]}}