{"id":1242,"date":"2020-09-28T10:31:23","date_gmt":"2020-09-28T08:31:23","guid":{"rendered":"https:\/\/mari-jokinen.com\/info\/?page_id=1242"},"modified":"2020-11-22T21:09:29","modified_gmt":"2020-11-22T20:09:29","slug":"start2","status":"publish","type":"page","link":"https:\/\/mari-jokinen.com\/info\/","title":{"rendered":""},"content":{"rendered":"<h4><span style=\"color: #000000;\"><strong>Sich in Zeiten von Ver\u00e4nderungen auch innerlich neu ausrichten<\/strong><\/span><\/h4>\n<ul>\n<li style=\"list-style-type: none;\">\n<ul>\n<li><span style=\"color: #000000;\">Sie stecken mittendrin\u00a0in einer Ver\u00e4nderung und f\u00fchlen sich orientierungslos, wie\u00a0&#8222;festgefahren&#8220;?<\/span><\/li>\n<li><span style=\"color: #000000;\">Sie wollen Ihrem Leben aktiv eine neue Richtung geben und alten Ballast loswerden? <\/span><\/li>\n<li><span style=\"color: #000000;\">Sie wollen endlich auch innerlich etwas ver\u00e4ndern und in Bewegung kommen?<\/span><\/li>\n<\/ul>\n<\/li>\n<\/ul>\n<p>Ob die Ver\u00e4nderung von uns\u00a0gewollt oder ungewollt\u00a0ist &#8211; Zeiten von Ver\u00e4nderungen sind oft Zeiten gro\u00dfer Verunsicherung. Zweifel und Ohnmacht wechseln sich mit Aufbruchstimmung und gro\u00dfer Entschlossenheit ab.<\/p>\n<p><span style=\"font-size: 1rem;\">Solche Zeiten verlangen eine Menge von uns ab.\u00a0<\/span>Und manchmal sto\u00dfen wir dabei auf Hindernisse, die wir vielleicht erst gar nicht als solche erkennen. Und wenn wir sie erkennen &#8211; wie k\u00f6nnen wir gut mit ihnen umgehen oder sie gut \u00fcberwinden?<\/p>\n<h4><span style=\"color: #000000;\"><strong>Was brauchen Sie, um auf Ihrem Weg gut weiterzukommen<\/strong><\/span><\/h4>\n<p><span style=\"color: #000000;\">oder einen neuen Weg einzuschlagen?\u00a0<\/span><\/p>\n<p><span style=\"color: #000000;\"><strong>Herzlich willkommen. Ich freue mich auf Sie!<\/strong><\/span><\/p>\n<p>All my offers are also available in English. Get in touch and let&#8217;s see what I can do for you. I look forward to hearing from you.<\/p>\n<p>Kaikki palveluni toimivat my\u00f6s suomeksi. Ota yhteytt\u00e4, niin voimme yhdess\u00e4 katsoa, miten parhaiten edet\u00e4.<\/p>\n<figure id=\"attachment_1367\" aria-describedby=\"caption-attachment-1367\" style=\"width: 1024px\" class=\"wp-caption alignnone\"><img loading=\"lazy\" class=\"wp-image-1367 size-full\" src=\"https:\/\/mari-jokinen.com\/info\/wp-content\/uploads\/2020\/10\/DH_Huette_Hafen-Kopie.jpg\" alt=\"Foto: privat\" width=\"1024\" height=\"576\" srcset=\"https:\/\/mari-jokinen.com\/info\/wp-content\/uploads\/2020\/10\/DH_Huette_Hafen-Kopie.jpg 1024w, https:\/\/mari-jokinen.com\/info\/wp-content\/uploads\/2020\/10\/DH_Huette_Hafen-Kopie-300x169.jpg 300w, https:\/\/mari-jokinen.com\/info\/wp-content\/uploads\/2020\/10\/DH_Huette_Hafen-Kopie-768x432.jpg 768w\" sizes=\"(max-width: 767px) 89vw, (max-width: 1000px) 54vw, (max-width: 1071px) 543px, 580px\" \/><figcaption id=\"caption-attachment-1367\" class=\"wp-caption-text\">Foto: privat<\/figcaption><\/figure>\n","protected":false},"excerpt":{"rendered":"<p>Sich in Zeiten von Ver\u00e4nderungen auch innerlich neu ausrichten Sie stecken mittendrin\u00a0in einer Ver\u00e4nderung und f\u00fchlen sich orientierungslos, wie\u00a0&#8222;festgefahren&#8220;? Sie wollen Ihrem Leben aktiv eine neue Richtung geben und alten Ballast loswerden? Sie wollen endlich auch innerlich etwas ver\u00e4ndern und in Bewegung kommen? Ob die Ver\u00e4nderung von uns\u00a0gewollt oder ungewollt\u00a0ist &#8211; Zeiten von Ver\u00e4nderungen sind &hellip; <\/p>\n<p class=\"link-more\"><a href=\"https:\/\/mari-jokinen.com\/info\/\" class=\"more-link\"><span class=\"screen-reader-text\">\u201e\u201c<\/span> weiterlesen<\/a><\/p>\n","protected":false},"author":2,"featured_media":0,"parent":0,"menu_order":0,"comment_status":"closed","ping_status":"closed","template":"","meta":[],"_links":{"self":[{"href":"https:\/\/mari-jokinen.com\/info\/wp-json\/wp\/v2\/pages\/1242"}],"collection":[{"href":"https:\/\/mari-jokinen.com\/info\/wp-json\/wp\/v2\/pages"}],"about":[{"href":"https:\/\/mari-jokinen.com\/info\/wp-json\/wp\/v2\/types\/page"}],"author":[{"embeddable":true,"href":"https:\/\/mari-jokinen.com\/info\/wp-json\/wp\/v2\/users\/2"}],"replies":[{"embeddable":true,"href":"https:\/\/mari-jokinen.com\/info\/wp-json\/wp\/v2\/comments?post=1242"}],"version-history":[{"count":61,"href":"https:\/\/mari-jokinen.com\/info\/wp-json\/wp\/v2\/pages\/1242\/revisions"}],"predecessor-version":[{"id":1834,"href":"https:\/\/mari-jokinen.com\/info\/wp-json\/wp\/v2\/pages\/1242\/revisions\/1834"}],"wp:attachment":[{"href":"https:\/\/mari-jokinen.com\/info\/wp-json\/wp\/v2\/media?parent=1242"}],"curies":[{"name":"wp","href":"https:\/\/api.w.org\/{rel}","templated":true}]}}